{"id":5246,"date":"2022-04-04T12:32:25","date_gmt":"2022-04-04T10:32:25","guid":{"rendered":"https:\/\/chateaucihelny.cz\/unterkunftsordnung\/"},"modified":"2024-09-02T19:42:54","modified_gmt":"2024-09-02T17:42:54","slug":"unterkunftsordnung","status":"publish","type":"page","link":"https:\/\/chateaucihelny.cz\/de\/unterkunftsordnung\/","title":{"rendered":"Unterkunftsordnung"},"content":{"rendered":"\t\t<div data-elementor-type=\"wp-page\" data-elementor-id=\"5246\" class=\"elementor elementor-5246 elementor-2404\" data-elementor-post-type=\"page\">\n\t\t\t\t\t\t<section class=\"elementor-section elementor-top-section elementor-element elementor-element-28f4f2f elementor-section-boxed elementor-section-height-default elementor-section-height-default\" data-id=\"28f4f2f\" data-element_type=\"section\" data-e-type=\"section\" data-settings=\"{&quot;jet_parallax_layout_list&quot;:[]}\">\n\t\t\t\t\t\t<div class=\"elementor-container elementor-column-gap-default\">\n\t\t\t\t\t<div class=\"elementor-column elementor-col-100 elementor-top-column elementor-element elementor-element-0f707d8\" data-id=\"0f707d8\" data-element_type=\"column\" data-e-type=\"column\">\n\t\t\t<div class=\"elementor-widget-wrap elementor-element-populated\">\n\t\t\t\t\t\t<div class=\"elementor-element elementor-element-9755e01 elementor-widget elementor-widget-heading\" data-id=\"9755e01\" data-element_type=\"widget\" data-e-type=\"widget\" data-widget_type=\"heading.default\">\n\t\t\t\t<div class=\"elementor-widget-container\">\n\t\t\t\t\t<h1 class=\"elementor-heading-title elementor-size-default\">Unterkunftsordnung<\/h1>\t\t\t\t<\/div>\n\t\t\t\t<\/div>\n\t\t\t\t<div class=\"elementor-element elementor-element-35c1ae7 elementor-widget elementor-widget-text-editor\" data-id=\"35c1ae7\" data-element_type=\"widget\" data-e-type=\"widget\" data-widget_type=\"text-editor.default\">\n\t\t\t\t<div class=\"elementor-widget-container\">\n\t\t\t\t\t\t\t\t\t<h5>Chateau Cihelny Cihelny 5&nbsp;364&nbsp;64 Karlovy Vary (nachfolgend auch nur \u201eHotelkomplex\u201c oder \u201eBeherbergungswirt\u201c genannt) betrieben von: VINLAND Golf Services s.r.o. I\u010cO: 019&nbsp;88&nbsp;417 DI\u010c: CZ01988417 mit Sitz \/ Unternehmungsort in Na struze 227\/1, Nov\u00e9 M\u011bsto, 110&nbsp;00 Praha 1<\/h5>\n<ol>\n<li><strong>Bedingungen zum Vertragsabschluss und zur Beherbergung<\/strong><\/li>\n<\/ol>\n<ul>\n<li>1.1 Die Beherbergung von G\u00e4sten im Hotelkomplex Chateau Cihelny erfolgt aufgrund eines gem\u00e4\u00df der Bestimmung des \u00a7 2326 ff. von Gesetz Nr. 89\/2012 Slg., BGB abgeschlossenen Beherbergungsvertrags, auf dessen Grundlage das Chateau Cihelny (nachfolgend nur noch \u201eBeherbergungswirt\u201c genannt) dem Unterkunftsnehmer (Gast) vor\u00fcbergehend Unterkunft f\u00fcr die vereinbarte Dauer oder die aus dem Unterkunftszweck hervorgehende Dauer in einer dazu vorgesehenen Einrichtung bietet und der Unterkunftsnehmer (nachfolgend auch nur \u201eGast\u201c genannt) verpflichtet sich, dem Beherbergungswirt f\u00fcr die Unterkunft und die damit verbundenen Dienstleistungen binnen der in dieser Unterkunftsordnung (nachfolgend auch nur \u201eVertrag\u201c genannt) festgelegten Frist zu bezahlen.<\/li>\n<li>1.2 Der Beherbergungsvertrag wird jeweils immer schriftlich abgeschlossen. Zur Einhaltung dieser Anforderung betreffs der Form reicht zumindest die schriftlich get\u00e4tigte Auftragsbest\u00e4tigung oder das Ausf\u00fcllen der Registrierungskarte aus.<\/li>\n<li>1.3 Vom Beherbergungsvertrag nicht ausdr\u00fccklich geregelte Rechte und Pflichten der Vertragsseiten sind in dieser Unterkunftsordnung sowie in der Preisliste des Beherbergungswirts geregelt. Sofern der Beherbergungsvertrag eine von dieser Unterkunftsordnung und\/oder der Preisliste des Beherbergungswirtes abweichende Regelung enth\u00e4lt, gilt der Beherbergungsvertrag.<\/li>\n<li>1.4 Wenn der Unterkunftsnehmer (Gast) gegen seine aus dem Beherbergungsvertrag und der beigelegten Unterkunftsordnung und\/oder Preisliste des Beherbergungswirtes oder auf andere Weise gegen gute Sitten im Hotelkomplex verst\u00f6\u00dft (nachfolgend nur noch \u201eFehlverhalten\u201c genannt), dann ist der Beherbergungswirt berechtigt, den Beherbergungsvertrag vor Ablauf der vereinbarten Zeit aufzuk\u00fcndigen und dies auch ohne K\u00fcndigungsfrist, wenn der Gast vom Hotelkomplex auf die in der Bestimmung des \u00a7 2331 BGB festgelegte Weise auf sein Fehlverhalten hingewiesen wurde.<\/li>\n<\/ul>\n<ol start=\"2\">\n<li><strong>Vertragsabschluss, Reservierung<\/strong><\/li>\n<\/ol>\n<ul>\n<li>Der Gast ist verpflichtet, die Unterkunft beim Beherbergungsbetrieb schriftlich zu bestellen oder telefonisch zu reservieren und anschlie\u00dfend beim Beherbergungsbetrieb schriftlich zu best\u00e4tigen.  Unter einer schriftlichen Reservierung oder einer Best\u00e4tigung einer telefonischen Reservierung im Sinne des vorstehenden Satzes ist eine Bestellung zu verstehen, die \u00fcber das Reservierungsformular oder per E-Mail an die Adresse des Beherbergers erfolgt: <a href=\"mailto:reception@chateaucihelny.cz\">reception@chateaucihelny.cz<\/a>; <a href=\"mailto:sale@chateaucihelny.cz\">sale@chateaucihelny.cz<\/a>; <a href=\"mailto:reservation@chateaucihelny.cz\">reservation@chateaucihelny.cz<\/a> per Post an die in der Kopfzeile der vorliegenden Unterkunftsordnung angegebene Adresse der Hotelanlage und\/oder des Betreibers. <\/li>\n<\/ul>\n<ul>\n<li>2.2 Sobald beim Beherbergungswirt die Bestellung in schriftlicher Form oder die schriftliche Reservierungsbest\u00e4tigung vom Gast eingegangen ist, stellt er dem Gast eine Vorauszahlungsrechnung zu einer Vorauszahlung in H\u00f6he von 30% &#8211; 100% des vorausgesetzten Unterkunftspreises aus und schickt diese dem Gast an die von ihm in der Bestellung laut Punkt 2.1 dieses Artikels angef\u00fchrte Adresse zu. Der Unterkunftsnehmer (Gast) ist verpflichtet, die Vorauszahlung binnen der anberaumten Frist und zu den in der Vorauszahlungsrechnung angef\u00fchrten Bedingungen vorzunehmen. Im Falle der Gew\u00e4hrung von Kreditkartenangaben des Gastes erfolgt die Vorautorisierung dieser Kreditkarte im Umfang des Unterkunftspreises f\u00fcr eine \u00dcbernachtung. Im Falle einer Beherbergung ohne Reservierung erfolgt die Zahlung des Unterkunftspreises in voller H\u00f6he bei Unterkunftsbeginn.<\/li>\n<li>2.3 Zum Abschluss des Beherbergungsvertrags kommt es im Augenblick der Zustellung der schriftlichen Bestellung oder schriftlichen Best\u00e4tigung der Reservierung durch den Beherbergungswirt oder durch Ausf\u00fcllen des Meldescheins.<\/li>\n<\/ul>\n<ol start=\"3\">\n<li><strong>Stornierung der Reservierung, Vertragsr\u00fccktritt vor Unterkunftsbeginn oder Nichterscheinen zur Inanspruchnahme der Unterkunft<\/strong><\/li>\n<\/ol>\n<ul>\n<li>3.1 Wenn der Gast die Vorauszahlung gem\u00e4\u00df Art. I. Abs. 2.2 nicht ordnungsgem\u00e4\u00df und\/oder rechtzeitig t\u00e4tigt, erlischt die G\u00fcltigkeit der Vorauszahlungsrechnung durch vergeblichen Fristenablauf.<\/li>\n<li>Der Gast ist berechtigt, noch vor dem Tag des Unterkunftsbeginns vom Beherbergungsvertrag zur\u00fcckzutreten und dies auch ohne Anf\u00fchrung von Gr\u00fcnden. 3.2 Der Gast ist verpflichtet, den Beherbergungswirt schriftlich vom Vertragsr\u00fccktritt zu unterrichten. Der Beherbergungswirt ist in solch einem Fall berechtigt, dem Gast Stornogeb\u00fchren zu berechnen, deren H\u00f6he aus der H\u00f6he der geleisteten Vorauszahlung errechnet wird, wobei der Tarif der Stornogeb\u00fchren wie folgt festgelegt ist:<\/li>\n<\/ul>\n<table width=\"567\">\n<tbody>\n<tr>\n<td width=\"350\">Augenblick der Zustellung des Vertragsr\u00fccktritts an den Beherbergungswirt (in Kalendertagen)<\/td>\n<td width=\"217\">Tarif der Stornogeb\u00fchren (%)<\/td>\n<\/tr>\n<tr>\n<td width=\"350\">22 und mehr Tage vor dem geplanten Unterkunftsbeginn<\/td>\n<td width=\"217\">0&nbsp;% der H\u00f6he der geleisteten Vorauszahlung<\/td>\n<\/tr>\n<tr>\n<td width=\"350\">21\u201315 Tage vor dem geplanten Unterkunftsbeginn<\/td>\n<td width=\"217\">30&nbsp;% der H\u00f6he der geleisteten Vorauszahlung<\/td>\n<\/tr>\n<tr>\n<td width=\"350\">14\u20137 Tage vor dem geplanten Unterkunftsbeginn<\/td>\n<td width=\"217\">75&nbsp;% der H\u00f6he der geleisteten Vorauszahlung<\/td>\n<\/tr>\n<tr>\n<td width=\"350\">7\u20131 Tage vor dem geplanten Unterkunftsbeginn<\/td>\n<td width=\"217\">100&nbsp;% der H\u00f6he der geleisteten Vorauszahlung<\/td>\n<\/tr>\n<\/tbody>\n<\/table>\n<ul>\n<li>3.3 F\u00fcr den Fall, dass sich der Gast nicht binnen 24 Stunden nach vereinbartem Unterkunftsbeginn zur Inanspruchnahme der Unterkunft einfindet, ist der Beherbergungswirt berechtigt, vom Beherbergungsvertrag zur\u00fcckzutreten, gleichzeitig ist er berechtigt, dem Gast Stornogeb\u00fchren in H\u00f6he von 100% der H\u00f6he der geleisteten Vorauszahlung zu berechnen. Dies gilt jedoch dann nicht, wenn der Kunde den Beherbergungswirt im Voraus, jedoch nicht sp\u00e4ter als 1 Tag vor dem geplanten Unterkunftsbeginn telefonisch oder schriftlich \u00fcber seine versp\u00e4tete Ankunft unterrichtet hat. F\u00fcr die Form dieser Mitteilung gelten auf angemessene Weise die in Art. 2.<br \/>\nodst.<br \/>\n2.1 tohoto ubytovac\u00edho \u0159\u00e1du.  <\/li>\n<\/ul>\n<ol start=\"4\">\n<li><strong>Ankunft im Hotelkomplex<\/strong><\/li>\n<\/ol>\n<ul>\n<li>4.1 Der Unterkunftsnehmer (Gast) meldet seine Ankunft dem hierzu beauftragten Mitarbeiter in der Hotelrezeption.<\/li>\n<li>An der Rezeption legt der Gast seinen Personalausweis oder Reisepass oder einen anderen Identit\u00e4tsnachweis (z. B. Aufenthaltsgenehmigung) vor, anhand dessen der beauftragte Mitarbeiter des Beherbergers die Identit\u00e4t des Gastes \u00fcberpr\u00fcft.  Die Korrektheit seiner Personaldaten und die Aufenthaltsdauer best\u00e4tigt der Gast mit seiner Unterschrift im Meldeschein oder Unterkunftsbuch des Beherbergungswirts.<\/li>\n<li>4.3 Sofern nicht anders vereinbart, erfolgt die Unterbringung der anreisenden G\u00e4ste in der Zeit zwischen 14.00 und 18.00 Uhr.<\/li>\n<li>Der Gast ist verpflichtet, bei der Ankunft in der Unterkunft den Betrag zu bezahlen, der die Nachzahlung des Unterkunftspreises darstellt, d.h. den vereinbarten Unterkunftspreis abz\u00fcglich der gem\u00e4\u00df Artikel 2, Absatz 2.2 der Unterkunftsordnung geleisteten Anzahlung.     Nach der Bezahlung dieses Restbetrages des Unterkunftspreises stellt der Beherbergungswirt dem Gast einen Steuerbeleg aus, der die Bezahlung f\u00fcr den gesamten Aufenthalt best\u00e4tigt. Artikel 2 Absatz 2.2 letzter Satz bleibt unber\u00fchrt; in diesem Fall stellt der Beherbergungsbetrieb dem Gast eine Steuerquittung aus, die die Zahlung f\u00fcr den gesamten Aufenthalt best\u00e4tigt.    4.4 Bei Unterkunftsbeginn ist der Beherbergungswirt berechtigt, vom Gast als Garantie f\u00fcr die Zahlung bis in eine H\u00f6he von 100% des vorausgesetzten Unterkunftspreises vom Gast die Vorlegung der Zahl- oder Kreditkarte zu verlangen, mittels derer der Beherbergungswirt nach Beendigung der Unterkunft berechtigt ist, die Autorisierung der Zahlung durchzuf\u00fchren, die dem Betrag entspricht, der den tats\u00e4chlichen Preis f\u00fcr die Unterkunft und s\u00e4mtliche, mit der Beherbergung verbundenen Kosten deckt und dies ggf. in Abwesenheit des Gastes (Offline), wozu der Gast durch Aush\u00e4ndigung seiner Zahl- oder Kreditkarte seine Zustimmung erteilt.<\/li>\n<li>4.5 Der hierzu beauftragte Mitarbeiter der Rezeption macht den Gast mit der Unterkunftsordnung vertraut und dies sp\u00e4testens am Tag des Unterkunftsbeginns.<\/li>\n<li>4.6 Die Anzahl der Personen im Zimmer muss mit der zur Beherbergung angemeldeten Personenanzahl \u00fcbereinstimmen. 4.7 Der Unterkunftsnehmer (Gast) verpflichtet sich, die genaue Personenanzahl bei der Anmeldung mitzuteilen.<\/li>\n<li>4.8 Die Unterkunftsdauer wird sp\u00e4testens bei der Unterbringung des Gastes vereinbart und im Unterkunftsbuch oder im Meldeschein vermerkt. Die Unterkunftsdauer kann lediglich mit der Einwilligung des Beherbergungswirts verl\u00e4ngert werden und ausschlie\u00dflich durch Vermerk im Unterkunftsbuch oder im Meldeschein.<\/li>\n<li>4.8 Der Unterkunftsnehmer (Gast) erteilt dem Beherbergungswirt hiermit seine Zustimmung zur Verarbeitung seiner Personaldaten im Umfang der gew\u00e4hrten Angaben und dies zu Zwecken der G\u00e4stebeherbergung und -registrierung im Sinne von Gesetz Nr. 565\/1990 Slg., \u00fcber Ortsgeb\u00fchren und Gesetz Nr. 326\/1999 Slg., \u00fcber den Aufenthalt von Ausl\u00e4ndern auf dem Gebiet der Tschechischen Republik und die \u00c4nderung einiger und sp\u00e4terer Gesetze. Einzelne Pflichten von G\u00e4sten und Beherbergungswirten in Bezug auf die F\u00fchrung von Registrierungs- oder Hausb\u00fcchern sind in den obig angef\u00fchrten Rechtsvorschriften dargelegt.<\/li>\n<\/ul>\n<ol start=\"5\">\n<li><strong>Allgemeine Unterkunftsregeln<\/strong><\/li>\n<\/ol>\n<ul>\n<li>Der Gast ist berechtigt, sowohl die ihm zur Unterkunft vorbehaltenen, als auch gemeinsamen R\u00e4ume des Hotelkomplex zu nutzen und die mit der Unterkunft verbundenen Leistungen wahrzunehmen.<\/li>\n<li>Beim Einchecken erh\u00e4lt der Gast einen Schl\u00fcssel bzw. eine Magnet- oder Chipkarte f\u00fcr das Zimmer und den Eingang zum jeweiligen Geb\u00e4ude der Hotelanlage (im Folgenden zusammenfassend als &#8220;Schl\u00fcssel&#8221; bezeichnet).  8.1 Der Gast ist verpflichtet, die \u201eSchl\u00fcssel\u201c vor Verlust, Besch\u00e4digung, Zerst\u00f6rung und dem Zugriff von Drittpersonen zu sch\u00fctzen, die keine direkten Teilnehmer des entsprechenden, zwischen Gast und Beherbergungswirt vereinbarten Beherbergungsvertrag sind. 8.2 Beim Unterkunftsbeginn erh\u00e4lt der Gast einen Schl\u00fcssel, bzw. eine Magnet- oder Chipkarte vom Zimmer und vom Eingang zum jeweiligen Hotelkomplex (nachfolgend gemeinsam nur noch \u201eSchl\u00fcssel\u201c genannt). Der Gast ist verpflichtet, die \u201eSchl\u00fcssel\u201c vor Verlust, Besch\u00e4digung, Zerst\u00f6rung und dem Zugriff von Drittpersonen zu sch\u00fctzen, die keine direkten Teilnehmer des entsprechenden, zwischen Gast und Beherbergungswirt vereinbarten Beherbergungsvertrag sind. Eventuelle Sanktionen f\u00fcr den Verlust, die Besch\u00e4digung oder Zerst\u00f6rung oder auch Zug\u00e4nglichmachung der \u201eSchl\u00fcssel\u201c f\u00fcr Drittpersonen laut vorgegangenem Satz sind im Beherbergungsvertrag geregelt. Die Sanktion f\u00fcr den Verlust einer Magnetkarte betragt 1,000&nbsp;CZK und einer Fernbedienung vom Tor betragt 5,000&nbsp;CZK.<\/li>\n<li>8.3 Der Gast ist verpflichtet:\n<ul>\n<li>\u2022 sich mit der Unterkunftsordnung vertraut zu machen und diese einzuhalten;<\/li>\n<li>den Unterkunftspreis laut g\u00fcltiger Preisliste zu bezahlen;<\/li>\n<li>die zur Unterkunft bestimmten R\u00e4ume ordentlich zu nutzen und s\u00e4mtliche, zur Unterkunft bestimmten R\u00e4ume in einem ordentlichen und sauberen Zustand zu bewahren;<\/li>\n<li>die Bewahrung der Sauberkeit in den zur Unterkunft bestimmten R\u00e4umen sicherzustellen;<\/li>\n<li>die Ausstattungseinrichtungen in den zur Unterkunft bestimmten R\u00e4umen vor Besch\u00e4digungen zu sch\u00fctzen;<\/li>\n<li>unverz\u00fcglich Besch\u00e4digungen oder Sch\u00e4den zu melden, die vom Gast oder mit diesem beherbergten Personen in den R\u00e4umlichkeiten des Hotelkomplex\/der Pension verursacht worden sind;<\/li>\n<li>sich zwischen 22:00 und 07:00 Uhr so zu verhalten, dass andere Personen nicht durch \u00fcberm\u00e4\u00dfigen L\u00e4rm gest\u00f6rt werden;  <\/li>\n<li>beim Verlassen des Zimmers die Wasserh\u00e4hne zu schlie\u00dfen, das Licht auszuschalten, in Abwesenheit des Gastes nicht verwendete Elektroger\u00e4te abzuschalten und die Fenster zu schlie\u00dfen; beim Verlassen des Hotelkomplex\/der Pension den Zimmerschl\u00fcssel in der Rezeption abzugeben;<\/li>\n<li>Bitte, bringen Sie keine eigenen Lebensmittel ins Zimmer mit und verzehren Sie diese nicht in den Zimmern.<\/li>\n<\/ul>\n<\/li>\n<li>8.4 dem Gast ist es ohne die Zustimmung des Beherbergungswirts untersagt:<\/li>\n<\/ul>\n<ul>\n<li style=\"list-style-type: none;\">\n<ul>\n<li>wesentliche Ver\u00e4nderungen in den zur Unterkunft bestimmten R\u00e4umen vorzunehmen (M\u00f6bel und Einrichtungsgegenst\u00e4nde zu versetzen und umzustellen, usw.);<\/li>\n<li>irgendwelche Ausstattungs- und Einrichtungsgegenst\u00e4nde aus den zur Unterkunft bestimmten R\u00e4umen zu entfremden;<\/li>\n<li>in den zur Unterkunft bestimmten R\u00e4umen eigene Verbrauchsger\u00e4te (Elektroger\u00e4te) zu verwenden, mit Ausnahme kleiner Elektroger\u00e4te, die zur pers\u00f6nlichen Hygiene und zu B\u00fcroarbeiten verwendet werden;<\/li>\n<li>die zur Unterkunft bestimmten R\u00e4ume Drittpersonen zu \u00fcberlassen;<\/li>\n<li>in den zur Unterkunft bestimmten R\u00e4umen Besuche zu empfangen; Besuche m\u00fcssen ordentlich im Besucherbuch vermerkt oder dem Mitarbeiter der Rezeption gemeldet werden und sind lediglich in der Zeit von 10.00 bis 18.00 Uhr und mit der Einwilligung des Beherbergungswirts gestattet; Besuche d\u00fcrfen von den G\u00e4sten lediglich in den Gesellschaftsr\u00e4umen des Hotelkomplex empfangen werden;<\/li>\n<li>die Adresse des Hauses mit den zur Unterkunft bestimmten R\u00e4umen als Unternehmungsort anzuf\u00fchren;<\/li>\n<li>Tiere in die R\u00e4umlichkeiten des Hotelkomplex mitzunehmen; Besitzer von Tieren sind verpflichtet auf Verlangen des Personals den einwandfreien Gesundheitszustand des Tieres durch Vorlegen des Impfausweises nachzuweisen;<\/li>\n<li>mit Tieren das Restaurant oder die Balneo-Bereiche zu betreten und sich im Hotelkomplex mit Tieren (Hunden) ohne aufgesetzten Maulkorb zu bewegen und ohne diese an der Leine zu f\u00fchren.<\/li>\n<\/ul>\n<\/li>\n<li>8.5 Dar\u00fcber hinaus ist es dem Gast in den zur Unterkunft bestimmten R\u00e4umen untersagt:\n<ul>\n<li>Waffen, Munition oder Sprengstoff in einem deren augenblicklichen Verwendung erm\u00f6glichenden Zustand bei sich zu tragen oder sonstig aufzubewahren;<\/li>\n<li>Bet\u00e4ubungs- oder psychotrope Stoffe oder Gifte zu halten, herzustellen oder aufzubewahren, sofern es dabei nicht um Medikamente geht, deren Einnahme \u00e4rztlich verschrieben wurde;<\/li>\n<li>zu rauchen; das Rauchverbot gilt nicht f\u00fcr zum Rauchen vorbehaltene und sichtbar mit dem entsprechenden Symbol ausgewiesenen R\u00e4ume;<\/li>\n<li>offenes Feuer zu verwenden.<\/li>\n<\/ul>\n<\/li>\n<\/ul>\n<ol start=\"6\">\n<li><strong>Haftung des Beherbergungswirts f\u00fcr Sachen des Unterkunftsnehmers (Gastes)<\/strong><\/li>\n<\/ol>\n<ul>\n<li>6.1 Sofern es der Gast verlangt, nimmt der Beherbergungswirt dessen Geldmittel, Schmuck oder sonstige Wertsachen zur Verwahrung entgegen. Der Hotelkomplex ist jedoch berechtigt, es abzulehnen, Sachen in Verwahrung zu nehmen, wenn es hierbei um gef\u00e4hrliche Sachen oder Sachen geht, die in ihrem Wert oder Umfang unangemessen f\u00fcr Unterkunftseinrichtungen sind. Dabei handelt es sich vor allem um Bargeld oder Gegenst\u00e4nde (z.B. Schmuck und andere Wertsachen), deren Wert 30.000&nbsp;CZK \u00fcbersteigt. Der Beherbergungswirt verlangt, dass ihm die Sachen in einer geschlossenen oder versiegelten Schatulle\/Kassette zur Verwahrung \u00fcbergeben werden.<\/li>\n<li>6.2 Schadenersatzanspr\u00fcche in Bezug auf Sch\u00e4den an Sachen des Unterkunftsnehmers (Gastes) k\u00f6nnen lediglich binnen 15 Tagen nach Feststellung der Besch\u00e4digung geltend gemacht werden. Vom Gast selbst oder dessen Begleitperson(en) verursachte Sch\u00e4den werden nicht ersetzt.<\/li>\n<li>6.3 Wenn der Gast nach Beendigung seines Aufenthaltes seine Sachen im Zimmer zur\u00fcckl\u00e4sst, wobei die Unterkunft nicht bezahlt ist, entfernt der Beherbergungswirt diese aus dem Zimmer und verwahrt sie an einem sicheren Ort, um deren Besch\u00e4digung zu vermeiden. Nach Begleichung des schuldigen Betrags f\u00fcr die Unterkunft gibt der Beherbergungswirt dem Gast die aufbewahrten Sachen heraus.<\/li>\n<\/ul>\n<ol start=\"7\">\n<li><strong>Sicherheit, Haftung des Gastes f\u00fcr verursachte Sch\u00e4den<\/strong><\/li>\n<\/ol>\n<ul>\n<li>7.1 Der Gast ist verpflichtet, sich mit den Sicherheitsregeln und dem Evakuierungsplan im Brandfall vertraut zu machen. Dieser Plan liegt in jedem Zimmer aus und ist zudem auch beim Mitarbeiter in der Rezeption einzusehen.<\/li>\n<li>7.2 Der Gast hat sich sich so zu verhalten, dass grundlose Sch\u00e4den an der Freiheit, am Leben, der Gesundheit oder am Eigentum von Drittpersonen vermieden werden.<\/li>\n<li>Verursacht der Gast durch sein Verhalten einen Schaden am Eigentum des Beherbergers, so wird dieser Schaden durch die geleistete Kaution gem\u00e4\u00df Artikel 4, Absatz 4.5 der Beherbergungsordnung gedeckt. Wenn der verursachte Schaden die Kaution \u00fcbersteigt, ist der Gast verpflichtet, die Differenz an den Beherberger zu zahlen.    <\/li>\n<li>7.4 Die Haftung des Beherbergungswirts f\u00fcr abgelegte Sachen h\u00e4lt sich an die Bestimmung des \u00a7 2945 ff. von Gesetz Nr. 89\/2012 Slg., des BGB.<\/li>\n<li>7.5 Die Haftung des Beherbergungswirts f\u00fcr eingebrachte Sachen beschr\u00e4nkt sich auf das Hundertfache des Unterkunftspreises pro Tag. In allem Sonstigen gelten die Bestimmungen des \u00a7 2946 ff. von Gesetz Nr. 89\/2012 Slg. des BGB.<\/li>\n<li>7.6 Der Beherbergungswirt betreibt keinen bewachten Parkplatz und haftet so auch nicht f\u00fcr Sch\u00e4den an Kraftfahrzeugen und f\u00fcr in diesen zur\u00fcckgelassene Sachen, sofern vom Beherbergungswirt nicht ausdr\u00fccklich best\u00e4tigt wird, dass er diese in Verwahrung genommen hat.<\/li>\n<\/ul>\n<ol start=\"8\">\n<li><strong>Abreise aus dem Hotelkomplex<\/strong><\/li>\n<\/ol>\n<ul>\n<li>8.1 Der Unterkunftsnehmer (Gast) ist verpflichtet, das Zimmer, in dem er untergebracht ist, bis 10:00 Uhr zu verlassen.<\/li>\n<li>8.2 Der Gast schlie\u00dft das Zimmer ab und l\u00e4sst die \u201eSchl\u00fcssel\u201c in der Hotelrezeption zur\u00fcck, sofern nichts anderes ausgemacht worden ist.<\/li>\n<\/ul>\n<p style=\"text-align: center;\">Diese Unterkunftsordnung ist am Tag des Inkrafttretens in Kraft getreten. 28.&nbsp;3.<br \/>\n2023. <\/p>\n<h5 style=\"text-align: center;\">F\u00fcr Ch\u00e2teau Cihelny<\/h5>\n<p style=\"font-weight: 400; text-align: center;\"><em><br \/>Viktor B\u0159ezina, <\/em>Hotelmanager<br \/><em>Lada Kalm\u00e1nov\u00e1, <\/em>Reservierung \/ Empfang<\/p>\n\t\t\t\t\t\t\t\t<\/div>\n\t\t\t\t<\/div>\n\t\t\t\t\t<\/div>\n\t\t<\/div>\n\t\t\t\t\t<\/div>\n\t\t<\/section>\n\t\t\t\t<\/div>\n\t\t","protected":false},"excerpt":{"rendered":"<p>Unterkunftsordnung Chateau Cihelny Cihelny 5&nbsp;364&nbsp;64 Karlovy Vary (nachfolgend auch nur \u201eHotelkomplex\u201c oder \u201eBeherbergungswirt\u201c genannt) betrieben von: VINLAND Golf Services s.r.o. I\u010cO: 019&nbsp;88&nbsp;417 DI\u010c: CZ01988417 mit Sitz \/ Unternehmungsort in Na struze 227\/1, Nov\u00e9 M\u011bsto, 110&nbsp;00 Praha 1 Bedingungen zum Vertragsabschluss und zur Beherbergung 1.1 Die Beherbergung von G\u00e4sten im Hotelkomplex Chateau Cihelny erfolgt aufgrund eines [&hellip;]<\/p>\n","protected":false},"author":1,"featured_media":0,"parent":0,"menu_order":0,"comment_status":"closed","ping_status":"closed","template":"","meta":{"iawp_total_views":50,"footnotes":""},"class_list":["post-5246","page","type-page","status-publish","hentry"],"_links":{"self":[{"href":"https:\/\/chateaucihelny.cz\/de\/wp-json\/wp\/v2\/pages\/5246","targetHints":{"allow":["GET"]}}],"collection":[{"href":"https:\/\/chateaucihelny.cz\/de\/wp-json\/wp\/v2\/pages"}],"about":[{"href":"https:\/\/chateaucihelny.cz\/de\/wp-json\/wp\/v2\/types\/page"}],"author":[{"embeddable":true,"href":"https:\/\/chateaucihelny.cz\/de\/wp-json\/wp\/v2\/users\/1"}],"replies":[{"embeddable":true,"href":"https:\/\/chateaucihelny.cz\/de\/wp-json\/wp\/v2\/comments?post=5246"}],"version-history":[{"count":2,"href":"https:\/\/chateaucihelny.cz\/de\/wp-json\/wp\/v2\/pages\/5246\/revisions"}],"predecessor-version":[{"id":12778,"href":"https:\/\/chateaucihelny.cz\/de\/wp-json\/wp\/v2\/pages\/5246\/revisions\/12778"}],"wp:attachment":[{"href":"https:\/\/chateaucihelny.cz\/de\/wp-json\/wp\/v2\/media?parent=5246"}],"curies":[{"name":"wp","href":"https:\/\/api.w.org\/{rel}","templated":true}]}}