{"id":5268,"date":"2022-05-19T15:08:42","date_gmt":"2022-05-19T13:08:42","guid":{"rendered":"https:\/\/chateaucihelny.cz\/chateau-foto-galerie\/"},"modified":"2024-03-01T10:25:37","modified_gmt":"2024-03-01T09:25:37","slug":"chateau-foto-galerie","status":"publish","type":"page","link":"https:\/\/chateaucihelny.cz\/de\/chateau-foto-galerie\/","title":{"rendered":"Ch\u00e2teau \u2013 Foto-Galerie"},"content":{"rendered":"\t\t<div data-elementor-type=\"wp-page\" data-elementor-id=\"5268\" class=\"elementor elementor-5268 elementor-2924\" data-elementor-post-type=\"page\">\n\t\t\t\t\t\t<section class=\"elementor-section elementor-top-section elementor-element elementor-element-1bb70bd elementor-section-boxed elementor-section-height-default elementor-section-height-default\" data-id=\"1bb70bd\" data-element_type=\"section\" data-e-type=\"section\" data-settings=\"{&quot;jet_parallax_layout_list&quot;:[]}\">\n\t\t\t\t\t\t<div class=\"elementor-container elementor-column-gap-default\">\n\t\t\t\t\t<div class=\"elementor-column elementor-col-100 elementor-top-column elementor-element elementor-element-863fe41\" data-id=\"863fe41\" data-element_type=\"column\" data-e-type=\"column\">\n\t\t\t<div class=\"elementor-widget-wrap elementor-element-populated\">\n\t\t\t\t\t\t<div class=\"elementor-element elementor-element-0053293 elementor-widget elementor-widget-heading\" data-id=\"0053293\" data-element_type=\"widget\" data-e-type=\"widget\" data-widget_type=\"heading.default\">\n\t\t\t\t<div class=\"elementor-widget-container\">\n\t\t\t\t\t<h1 class=\"elementor-heading-title elementor-size-default\">Ch\u00e2teau \u2013 Foto-Galerie<\/h1>\t\t\t\t<\/div>\n\t\t\t\t<\/div>\n\t\t\t\t<div class=\"elementor-element elementor-element-109aa12 elementor-widget elementor-widget-text-editor\" data-id=\"109aa12\" data-element_type=\"widget\" data-e-type=\"widget\" data-widget_type=\"text-editor.default\">\n\t\t\t\t<div class=\"elementor-widget-container\">\n\t\t\t\t\t\t\t\t\t<p>Ch\u00e2teau Cihelny &#8211; komfortable Unterkunft in insgesamt 16 architektonisch einzigartigen Zimmern mit Schlossromantik, Wellness und Schlossrestaurant befinden sich im Geb\u00e4ude.<\/p>\n\t\t\t\t\t\t\t\t<\/div>\n\t\t\t\t<\/div>\n\t\t\t\t<div class=\"elementor-element elementor-element-cba4f43 elementor-widget elementor-widget-gallery\" data-id=\"cba4f43\" data-element_type=\"widget\" data-e-type=\"widget\" data-settings=\"{&quot;gallery_layout&quot;:&quot;justified&quot;,&quot;ideal_row_height&quot;:{&quot;unit&quot;:&quot;px&quot;,&quot;size&quot;:250,&quot;sizes&quot;:[]},&quot;ideal_row_height_tablet&quot;:{&quot;unit&quot;:&quot;px&quot;,&quot;size&quot;:200,&quot;sizes&quot;:[]},&quot;ideal_row_height_mobile&quot;:{&quot;unit&quot;:&quot;px&quot;,&quot;size&quot;:200,&quot;sizes&quot;:[]},&quot;lazyload&quot;:&quot;yes&quot;,&quot;gap&quot;:{&quot;unit&quot;:&quot;px&quot;,&quot;size&quot;:10,&quot;sizes&quot;:[]},&quot;gap_tablet&quot;:{&quot;unit&quot;:&quot;px&quot;,&quot;size&quot;:10,&quot;sizes&quot;:[]},&quot;gap_mobile&quot;:{&quot;unit&quot;:&quot;px&quot;,&quot;size&quot;:10,&quot;sizes&quot;:[]},&quot;link_to&quot;:&quot;file&quot;,&quot;overlay_background&quot;:&quot;yes&quot;,&quot;content_hover_animation&quot;:&quot;fade-in&quot;}\" data-widget_type=\"gallery.default\">\n\t\t\t\t<div class=\"elementor-widget-container\">\n\t\t\t\t\t\t\t<div class=\"elementor-gallery__container\">\n\t\t\t\t\t\t\t<a class=\"e-gallery-item elementor-gallery-item elementor-animated-content\" href=\"https:\/\/chateaucihelny.cz\/wp-content\/uploads\/2022\/03\/slider-P1070339-b.jpg\" data-elementor-open-lightbox=\"yes\" data-elementor-lightbox-slideshow=\"cba4f43\" data-e-action-hash=\"#elementor-action%3Aaction%3Dlightbox%26settings%3DeyJpZCI6NDc2NSwidXJsIjoiaHR0cHM6XC9cL2NoYXRlYXVjaWhlbG55LmN6XC93cC1jb250ZW50XC91cGxvYWRzXC8yMDIyXC8wM1wvc2xpZGVyLVAxMDcwMzM5LWIuanBnIiwic2xpZGVzaG93IjoiY2JhNGY0MyJ9\">\n\t\t\t\t\t<div class=\"e-gallery-image elementor-gallery-item__image\" data-thumbnail=\"https:\/\/chateaucihelny.cz\/wp-content\/uploads\/2022\/03\/slider-P1070339-b-768x576.jpg\" data-width=\"768\" data-height=\"576\" aria-label=\"Hotelov\u00fd komplex Ch\u00e2teau Cihelny - Z\u00e1me\u010dek\" role=\"img\" ><\/div>\n\t\t\t\t\t\t\t\t\t\t\t<div class=\"elementor-gallery-item__overlay\"><\/div>\n\t\t\t\t\t\t\t\t\t\t\t\t\t\t<\/a>\n\t\t\t\t\t\t\t<a class=\"e-gallery-item elementor-gallery-item elementor-animated-content\" href=\"https:\/\/chateaucihelny.cz\/wp-content\/uploads\/2022\/03\/slider-Royal-Golf-hotel-003-b.jpg\" data-elementor-open-lightbox=\"yes\" data-elementor-lightbox-slideshow=\"cba4f43\" data-e-action-hash=\"#elementor-action%3Aaction%3Dlightbox%26settings%3DeyJpZCI6NDc2NCwidXJsIjoiaHR0cHM6XC9cL2NoYXRlYXVjaWhlbG55LmN6XC93cC1jb250ZW50XC91cGxvYWRzXC8yMDIyXC8wM1wvc2xpZGVyLVJveWFsLUdvbGYtaG90ZWwtMDAzLWIuanBnIiwic2xpZGVzaG93IjoiY2JhNGY0MyJ9\">\n\t\t\t\t\t<div class=\"e-gallery-image elementor-gallery-item__image\" data-thumbnail=\"https:\/\/chateaucihelny.cz\/wp-content\/uploads\/2022\/03\/slider-Royal-Golf-hotel-003-b-768x512.jpg\" data-width=\"768\" data-height=\"512\" aria-label=\"Hotelov\u00fd komplex Ch\u00e2teau Cihelny - Z\u00e1me\u010dek\" role=\"img\" ><\/div>\n\t\t\t\t\t\t\t\t\t\t\t<div class=\"elementor-gallery-item__overlay\"><\/div>\n\t\t\t\t\t\t\t\t\t\t\t\t\t\t<\/a>\n\t\t\t\t\t\t\t<a class=\"e-gallery-item elementor-gallery-item elementor-animated-content\" href=\"https:\/\/chateaucihelny.cz\/wp-content\/uploads\/2024\/03\/034_OK_221016_DJI_0112.jpg\" data-elementor-open-lightbox=\"yes\" data-elementor-lightbox-slideshow=\"cba4f43\" data-e-action-hash=\"#elementor-action%3Aaction%3Dlightbox%26settings%3DeyJpZCI6MTE2MDIsInVybCI6Imh0dHBzOlwvXC9jaGF0ZWF1Y2loZWxueS5jelwvd3AtY29udGVudFwvdXBsb2Fkc1wvMjAyNFwvMDNcLzAzNF9PS18yMjEwMTZfREpJXzAxMTIuanBnIiwic2xpZGVzaG93IjoiY2JhNGY0MyJ9\">\n\t\t\t\t\t<div class=\"e-gallery-image elementor-gallery-item__image\" data-thumbnail=\"https:\/\/chateaucihelny.cz\/wp-content\/uploads\/2024\/03\/034_OK_221016_DJI_0112-768x511.jpg\" data-width=\"768\" data-height=\"511\" aria-label=\"Hotelov\u00fd komplex Ch\u00e2teau Cihelny - Z\u00e1me\u010dek\" role=\"img\" ><\/div>\n\t\t\t\t\t\t\t\t\t\t\t<div class=\"elementor-gallery-item__overlay\"><\/div>\n\t\t\t\t\t\t\t\t\t\t\t\t\t\t<\/a>\n\t\t\t\t\t\t\t<a class=\"e-gallery-item elementor-gallery-item elementor-animated-content\" href=\"https:\/\/chateaucihelny.cz\/wp-content\/uploads\/2024\/03\/061_OK_221016_KLM_4699.jpg\" data-elementor-open-lightbox=\"yes\" data-elementor-lightbox-slideshow=\"cba4f43\" data-e-action-hash=\"#elementor-action%3Aaction%3Dlightbox%26settings%3DeyJpZCI6MTE1OTAsInVybCI6Imh0dHBzOlwvXC9jaGF0ZWF1Y2loZWxueS5jelwvd3AtY29udGVudFwvdXBsb2Fkc1wvMjAyNFwvMDNcLzA2MV9PS18yMjEwMTZfS0xNXzQ2OTkuanBnIiwic2xpZGVzaG93IjoiY2JhNGY0MyJ9\">\n\t\t\t\t\t<div class=\"e-gallery-image elementor-gallery-item__image\" data-thumbnail=\"https:\/\/chateaucihelny.cz\/wp-content\/uploads\/2024\/03\/061_OK_221016_KLM_4699-768x512.jpg\" data-width=\"768\" data-height=\"512\" aria-label=\"Hotelov\u00fd komplex Ch\u00e2teau Cihelny - Z\u00e1me\u010dek\" role=\"img\" ><\/div>\n\t\t\t\t\t\t\t\t\t\t\t<div class=\"elementor-gallery-item__overlay\"><\/div>\n\t\t\t\t\t\t\t\t\t\t\t\t\t\t<\/a>\n\t\t\t\t\t\t\t<a class=\"e-gallery-item elementor-gallery-item elementor-animated-content\" href=\"https:\/\/chateaucihelny.cz\/wp-content\/uploads\/2024\/03\/021_OK_221016_KLM_4418.jpg\" data-elementor-open-lightbox=\"yes\" data-elementor-lightbox-slideshow=\"cba4f43\" data-e-action-hash=\"#elementor-action%3Aaction%3Dlightbox%26settings%3DeyJpZCI6MTE1ODQsInVybCI6Imh0dHBzOlwvXC9jaGF0ZWF1Y2loZWxueS5jelwvd3AtY29udGVudFwvdXBsb2Fkc1wvMjAyNFwvMDNcLzAyMV9PS18yMjEwMTZfS0xNXzQ0MTguanBnIiwic2xpZGVzaG93IjoiY2JhNGY0MyJ9\">\n\t\t\t\t\t<div class=\"e-gallery-image elementor-gallery-item__image\" data-thumbnail=\"https:\/\/chateaucihelny.cz\/wp-content\/uploads\/2024\/03\/021_OK_221016_KLM_4418-768x1152.jpg\" data-width=\"768\" data-height=\"1152\" aria-label=\"Hotelov\u00fd komplex Ch\u00e2teau Cihelny - Z\u00e1me\u010dek\" role=\"img\" ><\/div>\n\t\t\t\t\t\t\t\t\t\t\t<div class=\"elementor-gallery-item__overlay\"><\/div>\n\t\t\t\t\t\t\t\t\t\t\t\t\t\t<\/a>\n\t\t\t\t\t\t\t<a class=\"e-gallery-item elementor-gallery-item elementor-animated-content\" href=\"https:\/\/chateaucihelny.cz\/wp-content\/uploads\/2024\/03\/013_OK_221016_KLM_4258.jpg\" data-elementor-open-lightbox=\"yes\" data-elementor-lightbox-slideshow=\"cba4f43\" data-e-action-hash=\"#elementor-action%3Aaction%3Dlightbox%26settings%3DeyJpZCI6MTE2MjAsInVybCI6Imh0dHBzOlwvXC9jaGF0ZWF1Y2loZWxueS5jelwvd3AtY29udGVudFwvdXBsb2Fkc1wvMjAyNFwvMDNcLzAxM19PS18yMjEwMTZfS0xNXzQyNTguanBnIiwic2xpZGVzaG93IjoiY2JhNGY0MyJ9\">\n\t\t\t\t\t<div class=\"e-gallery-image elementor-gallery-item__image\" data-thumbnail=\"https:\/\/chateaucihelny.cz\/wp-content\/uploads\/2024\/03\/013_OK_221016_KLM_4258-768x512.jpg\" data-width=\"768\" data-height=\"512\" aria-label=\"Hotelov\u00fd komplex Ch\u00e2teau Cihelny - Z\u00e1me\u010dek\" role=\"img\" ><\/div>\n\t\t\t\t\t\t\t\t\t\t\t<div class=\"elementor-gallery-item__overlay\"><\/div>\n\t\t\t\t\t\t\t\t\t\t\t\t\t\t<\/a>\n\t\t\t\t\t\t\t<a class=\"e-gallery-item elementor-gallery-item elementor-animated-content\" href=\"https:\/\/chateaucihelny.cz\/wp-content\/uploads\/2024\/03\/043_OK_221016_KLM_4511.jpg\" data-elementor-open-lightbox=\"yes\" data-elementor-lightbox-slideshow=\"cba4f43\" data-e-action-hash=\"#elementor-action%3Aaction%3Dlightbox%26settings%3DeyJpZCI6MTE2MzUsInVybCI6Imh0dHBzOlwvXC9jaGF0ZWF1Y2loZWxueS5jelwvd3AtY29udGVudFwvdXBsb2Fkc1wvMjAyNFwvMDNcLzA0M19PS18yMjEwMTZfS0xNXzQ1MTEuanBnIiwic2xpZGVzaG93IjoiY2JhNGY0MyJ9\">\n\t\t\t\t\t<div class=\"e-gallery-image elementor-gallery-item__image\" data-thumbnail=\"https:\/\/chateaucihelny.cz\/wp-content\/uploads\/2024\/03\/043_OK_221016_KLM_4511-768x512.jpg\" data-width=\"768\" data-height=\"512\" aria-label=\"Hotelov\u00fd komplex Ch\u00e2teau Cihelny - Z\u00e1me\u010dek\" role=\"img\" ><\/div>\n\t\t\t\t\t\t\t\t\t\t\t<div class=\"elementor-gallery-item__overlay\"><\/div>\n\t\t\t\t\t\t\t\t\t\t\t\t\t\t<\/a>\n\t\t\t\t\t\t\t<a class=\"e-gallery-item elementor-gallery-item elementor-animated-content\" href=\"https:\/\/chateaucihelny.cz\/wp-content\/uploads\/2024\/03\/039_OK_221016_KLM_4450.jpg\" data-elementor-open-lightbox=\"yes\" data-elementor-lightbox-slideshow=\"cba4f43\" data-e-action-hash=\"#elementor-action%3Aaction%3Dlightbox%26settings%3DeyJpZCI6MTE1ODEsInVybCI6Imh0dHBzOlwvXC9jaGF0ZWF1Y2loZWxueS5jelwvd3AtY29udGVudFwvdXBsb2Fkc1wvMjAyNFwvMDNcLzAzOV9PS18yMjEwMTZfS0xNXzQ0NTAuanBnIiwic2xpZGVzaG93IjoiY2JhNGY0MyJ9\">\n\t\t\t\t\t<div class=\"e-gallery-image elementor-gallery-item__image\" data-thumbnail=\"https:\/\/chateaucihelny.cz\/wp-content\/uploads\/2024\/03\/039_OK_221016_KLM_4450-768x512.jpg\" data-width=\"768\" data-height=\"512\" aria-label=\"Hotelov\u00fd komplex Ch\u00e2teau Cihelny - Z\u00e1me\u010dek\" role=\"img\" ><\/div>\n\t\t\t\t\t\t\t\t\t\t\t<div class=\"elementor-gallery-item__overlay\"><\/div>\n\t\t\t\t\t\t\t\t\t\t\t\t\t\t<\/a>\n\t\t\t\t\t\t\t<a class=\"e-gallery-item elementor-gallery-item elementor-animated-content\" href=\"https:\/\/chateaucihelny.cz\/wp-content\/uploads\/2024\/03\/041_OK_221016_DJI_0137.jpg\" data-elementor-open-lightbox=\"yes\" data-elementor-lightbox-slideshow=\"cba4f43\" data-e-action-hash=\"#elementor-action%3Aaction%3Dlightbox%26settings%3DeyJpZCI6MTE1NzgsInVybCI6Imh0dHBzOlwvXC9jaGF0ZWF1Y2loZWxueS5jelwvd3AtY29udGVudFwvdXBsb2Fkc1wvMjAyNFwvMDNcLzA0MV9PS18yMjEwMTZfREpJXzAxMzcuanBnIiwic2xpZGVzaG93IjoiY2JhNGY0MyJ9\">\n\t\t\t\t\t<div class=\"e-gallery-image elementor-gallery-item__image\" data-thumbnail=\"https:\/\/chateaucihelny.cz\/wp-content\/uploads\/2024\/03\/041_OK_221016_DJI_0137-768x511.jpg\" data-width=\"768\" data-height=\"511\" aria-label=\"Ch\u00e2teau Cihelny\" role=\"img\" ><\/div>\n\t\t\t\t\t\t\t\t\t\t\t<div class=\"elementor-gallery-item__overlay\"><\/div>\n\t\t\t\t\t\t\t\t\t\t\t\t\t\t<\/a>\n\t\t\t\t\t\t\t<a class=\"e-gallery-item elementor-gallery-item elementor-animated-content\" href=\"https:\/\/chateaucihelny.cz\/wp-content\/uploads\/2024\/02\/20220514_150043.jpg\" data-elementor-open-lightbox=\"yes\" data-elementor-lightbox-slideshow=\"cba4f43\" data-e-action-hash=\"#elementor-action%3Aaction%3Dlightbox%26settings%3DeyJpZCI6MTE0ODgsInVybCI6Imh0dHBzOlwvXC9jaGF0ZWF1Y2loZWxueS5jelwvd3AtY29udGVudFwvdXBsb2Fkc1wvMjAyNFwvMDJcLzIwMjIwNTE0XzE1MDA0My5qcGciLCJzbGlkZXNob3ciOiJjYmE0ZjQzIn0%3D\">\n\t\t\t\t\t<div class=\"e-gallery-image elementor-gallery-item__image\" data-thumbnail=\"https:\/\/chateaucihelny.cz\/wp-content\/uploads\/2024\/02\/20220514_150043-768x576.jpg\" data-width=\"768\" data-height=\"576\" aria-label=\"Svatby, v\u00fdro\u010d\u00ed a oslavy na Ch\u00e2teau Cihelny\" role=\"img\" ><\/div>\n\t\t\t\t\t\t\t\t\t\t\t<div class=\"elementor-gallery-item__overlay\"><\/div>\n\t\t\t\t\t\t\t\t\t\t\t\t\t\t<\/a>\n\t\t\t\t\t\t\t<a class=\"e-gallery-item elementor-gallery-item elementor-animated-content\" href=\"https:\/\/chateaucihelny.cz\/wp-content\/uploads\/2024\/02\/20210808_170615.jpg\" data-elementor-open-lightbox=\"yes\" data-elementor-lightbox-slideshow=\"cba4f43\" data-e-action-hash=\"#elementor-action%3Aaction%3Dlightbox%26settings%3DeyJpZCI6MTE0ODUsInVybCI6Imh0dHBzOlwvXC9jaGF0ZWF1Y2loZWxueS5jelwvd3AtY29udGVudFwvdXBsb2Fkc1wvMjAyNFwvMDJcLzIwMjEwODA4XzE3MDYxNS5qcGciLCJzbGlkZXNob3ciOiJjYmE0ZjQzIn0%3D\">\n\t\t\t\t\t<div class=\"e-gallery-image elementor-gallery-item__image\" data-thumbnail=\"https:\/\/chateaucihelny.cz\/wp-content\/uploads\/2024\/02\/20210808_170615-768x576.jpg\" data-width=\"768\" data-height=\"576\" aria-label=\"Svatby, v\u00fdro\u010d\u00ed a oslavy na Ch\u00e2teau Cihelny\" role=\"img\" ><\/div>\n\t\t\t\t\t\t\t\t\t\t\t<div class=\"elementor-gallery-item__overlay\"><\/div>\n\t\t\t\t\t\t\t\t\t\t\t\t\t\t<\/a>\n\t\t\t\t\t\t\t<a class=\"e-gallery-item elementor-gallery-item elementor-animated-content\" href=\"https:\/\/chateaucihelny.cz\/wp-content\/uploads\/2024\/03\/029_OK_221016_DJI_0046.jpg\" data-elementor-open-lightbox=\"yes\" data-elementor-lightbox-slideshow=\"cba4f43\" data-e-action-hash=\"#elementor-action%3Aaction%3Dlightbox%26settings%3DeyJpZCI6MTE2MjMsInVybCI6Imh0dHBzOlwvXC9jaGF0ZWF1Y2loZWxueS5jelwvd3AtY29udGVudFwvdXBsb2Fkc1wvMjAyNFwvMDNcLzAyOV9PS18yMjEwMTZfREpJXzAwNDYuanBnIiwic2xpZGVzaG93IjoiY2JhNGY0MyJ9\">\n\t\t\t\t\t<div class=\"e-gallery-image elementor-gallery-item__image\" data-thumbnail=\"https:\/\/chateaucihelny.cz\/wp-content\/uploads\/2024\/03\/029_OK_221016_DJI_0046-768x511.jpg\" data-width=\"768\" data-height=\"511\" aria-label=\"Hotelov\u00fd komplex Ch\u00e2teau Cihelny - Z\u00e1me\u010dek\" role=\"img\" ><\/div>\n\t\t\t\t\t\t\t\t\t\t\t<div class=\"elementor-gallery-item__overlay\"><\/div>\n\t\t\t\t\t\t\t\t\t\t\t\t\t\t<\/a>\n\t\t\t\t\t\t\t<a class=\"e-gallery-item elementor-gallery-item elementor-animated-content\" href=\"https:\/\/chateaucihelny.cz\/wp-content\/uploads\/2024\/03\/036_OK_221016_DJI_0119.jpg\" data-elementor-open-lightbox=\"yes\" data-elementor-lightbox-slideshow=\"cba4f43\" data-e-action-hash=\"#elementor-action%3Aaction%3Dlightbox%26settings%3DeyJpZCI6MTE2MjksInVybCI6Imh0dHBzOlwvXC9jaGF0ZWF1Y2loZWxueS5jelwvd3AtY29udGVudFwvdXBsb2Fkc1wvMjAyNFwvMDNcLzAzNl9PS18yMjEwMTZfREpJXzAxMTkuanBnIiwic2xpZGVzaG93IjoiY2JhNGY0MyJ9\">\n\t\t\t\t\t<div class=\"e-gallery-image elementor-gallery-item__image\" data-thumbnail=\"https:\/\/chateaucihelny.cz\/wp-content\/uploads\/2024\/03\/036_OK_221016_DJI_0119-768x511.jpg\" data-width=\"768\" data-height=\"511\" aria-label=\"Hotelov\u00fd komplex Ch\u00e2teau Cihelny - Z\u00e1me\u010dek\" role=\"img\" ><\/div>\n\t\t\t\t\t\t\t\t\t\t\t<div class=\"elementor-gallery-item__overlay\"><\/div>\n\t\t\t\t\t\t\t\t\t\t\t\t\t\t<\/a>\n\t\t\t\t\t\t\t<a class=\"e-gallery-item elementor-gallery-item elementor-animated-content\" href=\"https:\/\/chateaucihelny.cz\/wp-content\/uploads\/2024\/03\/056_OK_221016_KLM_4647.jpg\" data-elementor-open-lightbox=\"yes\" data-elementor-lightbox-slideshow=\"cba4f43\" data-e-action-hash=\"#elementor-action%3Aaction%3Dlightbox%26settings%3DeyJpZCI6MTE1ODcsInVybCI6Imh0dHBzOlwvXC9jaGF0ZWF1Y2loZWxueS5jelwvd3AtY29udGVudFwvdXBsb2Fkc1wvMjAyNFwvMDNcLzA1Nl9PS18yMjEwMTZfS0xNXzQ2NDcuanBnIiwic2xpZGVzaG93IjoiY2JhNGY0MyJ9\">\n\t\t\t\t\t<div class=\"e-gallery-image elementor-gallery-item__image\" data-thumbnail=\"https:\/\/chateaucihelny.cz\/wp-content\/uploads\/2024\/03\/056_OK_221016_KLM_4647-768x512.jpg\" data-width=\"768\" data-height=\"512\" aria-label=\"Hotelov\u00fd komplex Ch\u00e2teau Cihelny - Z\u00e1me\u010dek\" role=\"img\" ><\/div>\n\t\t\t\t\t\t\t\t\t\t\t<div class=\"elementor-gallery-item__overlay\"><\/div>\n\t\t\t\t\t\t\t\t\t\t\t\t\t\t<\/a>\n\t\t\t\t\t\t\t<a class=\"e-gallery-item elementor-gallery-item elementor-animated-content\" href=\"https:\/\/chateaucihelny.cz\/wp-content\/uploads\/2024\/03\/071_OK_221016_KLM_4094.jpg\" data-elementor-open-lightbox=\"yes\" data-elementor-lightbox-slideshow=\"cba4f43\" data-e-action-hash=\"#elementor-action%3Aaction%3Dlightbox%26settings%3DeyJpZCI6MTE2NDcsInVybCI6Imh0dHBzOlwvXC9jaGF0ZWF1Y2loZWxueS5jelwvd3AtY29udGVudFwvdXBsb2Fkc1wvMjAyNFwvMDNcLzA3MV9PS18yMjEwMTZfS0xNXzQwOTQuanBnIiwic2xpZGVzaG93IjoiY2JhNGY0MyJ9\">\n\t\t\t\t\t<div class=\"e-gallery-image elementor-gallery-item__image\" data-thumbnail=\"https:\/\/chateaucihelny.cz\/wp-content\/uploads\/2024\/03\/071_OK_221016_KLM_4094-768x512.jpg\" data-width=\"768\" data-height=\"512\" aria-label=\"Hotelov\u00fd komplex Ch\u00e2teau Cihelny - Z\u00e1me\u010dek\" role=\"img\" ><\/div>\n\t\t\t\t\t\t\t\t\t\t\t<div class=\"elementor-gallery-item__overlay\"><\/div>\n\t\t\t\t\t\t\t\t\t\t\t\t\t\t<\/a>\n\t\t\t\t\t\t\t<a class=\"e-gallery-item elementor-gallery-item elementor-animated-content\" href=\"https:\/\/chateaucihelny.cz\/wp-content\/uploads\/2024\/03\/057_OK_221016_KLN_0137.jpg\" data-elementor-open-lightbox=\"yes\" data-elementor-lightbox-slideshow=\"cba4f43\" data-e-action-hash=\"#elementor-action%3Aaction%3Dlightbox%26settings%3DeyJpZCI6MTE2NDQsInVybCI6Imh0dHBzOlwvXC9jaGF0ZWF1Y2loZWxueS5jelwvd3AtY29udGVudFwvdXBsb2Fkc1wvMjAyNFwvMDNcLzA1N19PS18yMjEwMTZfS0xOXzAxMzcuanBnIiwic2xpZGVzaG93IjoiY2JhNGY0MyJ9\">\n\t\t\t\t\t<div class=\"e-gallery-image elementor-gallery-item__image\" data-thumbnail=\"https:\/\/chateaucihelny.cz\/wp-content\/uploads\/2024\/03\/057_OK_221016_KLN_0137-768x512.jpg\" data-width=\"768\" data-height=\"512\" aria-label=\"Hotelov\u00fd komplex Ch\u00e2teau Cihelny - Z\u00e1me\u010dek\" role=\"img\" ><\/div>\n\t\t\t\t\t\t\t\t\t\t\t<div class=\"elementor-gallery-item__overlay\"><\/div>\n\t\t\t\t\t\t\t\t\t\t\t\t\t\t<\/a>\n\t\t\t\t\t\t\t<a class=\"e-gallery-item elementor-gallery-item elementor-animated-content\" href=\"https:\/\/chateaucihelny.cz\/wp-content\/uploads\/2024\/03\/046_OK_221016_KLM_4535.jpg\" data-elementor-open-lightbox=\"yes\" data-elementor-lightbox-slideshow=\"cba4f43\" data-e-action-hash=\"#elementor-action%3Aaction%3Dlightbox%26settings%3DeyJpZCI6MTE2MzgsInVybCI6Imh0dHBzOlwvXC9jaGF0ZWF1Y2loZWxueS5jelwvd3AtY29udGVudFwvdXBsb2Fkc1wvMjAyNFwvMDNcLzA0Nl9PS18yMjEwMTZfS0xNXzQ1MzUuanBnIiwic2xpZGVzaG93IjoiY2JhNGY0MyJ9\">\n\t\t\t\t\t<div class=\"e-gallery-image elementor-gallery-item__image\" data-thumbnail=\"https:\/\/chateaucihelny.cz\/wp-content\/uploads\/2024\/03\/046_OK_221016_KLM_4535-768x512.jpg\" data-width=\"768\" data-height=\"512\" aria-label=\"Hotelov\u00fd komplex Ch\u00e2teau Cihelny - Z\u00e1me\u010dek\" role=\"img\" ><\/div>\n\t\t\t\t\t\t\t\t\t\t\t<div class=\"elementor-gallery-item__overlay\"><\/div>\n\t\t\t\t\t\t\t\t\t\t\t\t\t\t<\/a>\n\t\t\t\t\t\t\t<a class=\"e-gallery-item elementor-gallery-item elementor-animated-content\" href=\"https:\/\/chateaucihelny.cz\/wp-content\/uploads\/2024\/03\/OK_220725_DJI_0220.jpg\" data-elementor-open-lightbox=\"yes\" data-elementor-lightbox-slideshow=\"cba4f43\" data-e-action-hash=\"#elementor-action%3Aaction%3Dlightbox%26settings%3DeyJpZCI6MTE2NTMsInVybCI6Imh0dHBzOlwvXC9jaGF0ZWF1Y2loZWxueS5jelwvd3AtY29udGVudFwvdXBsb2Fkc1wvMjAyNFwvMDNcL09LXzIyMDcyNV9ESklfMDIyMC5qcGciLCJzbGlkZXNob3ciOiJjYmE0ZjQzIn0%3D\">\n\t\t\t\t\t<div class=\"e-gallery-image elementor-gallery-item__image\" data-thumbnail=\"https:\/\/chateaucihelny.cz\/wp-content\/uploads\/2024\/03\/OK_220725_DJI_0220-768x511.jpg\" data-width=\"768\" data-height=\"511\" aria-label=\"Hotelov\u00fd komplex Ch\u00e2teau Cihelny - Z\u00e1me\u010dek\" role=\"img\" ><\/div>\n\t\t\t\t\t\t\t\t\t\t\t<div class=\"elementor-gallery-item__overlay\"><\/div>\n\t\t\t\t\t\t\t\t\t\t\t\t\t\t<\/a>\n\t\t\t\t\t\t\t<a class=\"e-gallery-item elementor-gallery-item elementor-animated-content\" href=\"https:\/\/chateaucihelny.cz\/wp-content\/uploads\/2024\/03\/OK_220725_DJI_0195.jpg\" data-elementor-open-lightbox=\"yes\" data-elementor-lightbox-slideshow=\"cba4f43\" data-e-action-hash=\"#elementor-action%3Aaction%3Dlightbox%26settings%3DeyJpZCI6MTE2NTAsInVybCI6Imh0dHBzOlwvXC9jaGF0ZWF1Y2loZWxueS5jelwvd3AtY29udGVudFwvdXBsb2Fkc1wvMjAyNFwvMDNcL09LXzIyMDcyNV9ESklfMDE5NS5qcGciLCJzbGlkZXNob3ciOiJjYmE0ZjQzIn0%3D\">\n\t\t\t\t\t<div class=\"e-gallery-image elementor-gallery-item__image\" data-thumbnail=\"https:\/\/chateaucihelny.cz\/wp-content\/uploads\/2024\/03\/OK_220725_DJI_0195-768x511.jpg\" data-width=\"768\" data-height=\"511\" aria-label=\"Hotelov\u00fd komplex Ch\u00e2teau Cihelny - Z\u00e1me\u010dek\" role=\"img\" ><\/div>\n\t\t\t\t\t\t\t\t\t\t\t<div class=\"elementor-gallery-item__overlay\"><\/div>\n\t\t\t\t\t\t\t\t\t\t\t\t\t\t<\/a>\n\t\t\t\t\t<\/div>\n\t\t\t\t\t<\/div>\n\t\t\t\t<\/div>\n\t\t\t\t\t<\/div>\n\t\t<\/div>\n\t\t\t\t\t<\/div>\n\t\t<\/section>\n\t\t\t\t<section class=\"elementor-section elementor-top-section elementor-element elementor-element-ddc1d24 elementor-section-boxed elementor-section-height-default elementor-section-height-default\" data-id=\"ddc1d24\" data-element_type=\"section\" data-e-type=\"section\" data-settings=\"{&quot;jet_parallax_layout_list&quot;:[]}\">\n\t\t\t\t\t\t<div class=\"elementor-container elementor-column-gap-default\">\n\t\t\t\t\t<div class=\"elementor-column elementor-col-100 elementor-top-column elementor-element elementor-element-dd31993\" data-id=\"dd31993\" data-element_type=\"column\" data-e-type=\"column\">\n\t\t\t<div class=\"elementor-widget-wrap elementor-element-populated\">\n\t\t\t\t\t\t<div class=\"elementor-element elementor-element-7a10d4f elementor-align-center elementor-widget__width-auto elementor-widget elementor-widget-button\" data-id=\"7a10d4f\" data-element_type=\"widget\" data-e-type=\"widget\" data-widget_type=\"button.default\">\n\t\t\t\t<div class=\"elementor-widget-container\">\n\t\t\t\t\t\t\t\t\t<div class=\"elementor-button-wrapper\">\n\t\t\t\t\t<a class=\"elementor-button elementor-button-link elementor-size-sm\" href=\"https:\/\/chateaucihelny.cz\/de\/uber-chateau-cihelny\/\">\n\t\t\t\t\t\t<span class=\"elementor-button-content-wrapper\">\n\t\t\t\t\t\t\t\t\t<span class=\"elementor-button-text\">\u00dcber Ch\u00e2teau Cihelny<\/span>\n\t\t\t\t\t<\/span>\n\t\t\t\t\t<\/a>\n\t\t\t\t<\/div>\n\t\t\t\t\t\t\t\t<\/div>\n\t\t\t\t<\/div>\n\t\t\t\t<div class=\"elementor-element elementor-element-5d5d11f elementor-align-center elementor-widget__width-auto elementor-widget elementor-widget-button\" data-id=\"5d5d11f\" data-element_type=\"widget\" data-e-type=\"widget\" data-widget_type=\"button.default\">\n\t\t\t\t<div class=\"elementor-widget-container\">\n\t\t\t\t\t\t\t\t\t<div class=\"elementor-button-wrapper\">\n\t\t\t\t\t<a class=\"elementor-button elementor-button-link elementor-size-sm\" href=\"https:\/\/chateaucihelny.cz\/de\/aus-dem-leben-des-chateau\/\">\n\t\t\t\t\t\t<span class=\"elementor-button-content-wrapper\">\n\t\t\t\t\t\t\t\t\t<span class=\"elementor-button-text\">Aus dem Leben des Ch\u00e2teau<\/span>\n\t\t\t\t\t<\/span>\n\t\t\t\t\t<\/a>\n\t\t\t\t<\/div>\n\t\t\t\t\t\t\t\t<\/div>\n\t\t\t\t<\/div>\n\t\t\t\t<div class=\"elementor-element elementor-element-4ebf48d elementor-widget elementor-widget-shortcode\" data-id=\"4ebf48d\" data-element_type=\"widget\" data-e-type=\"widget\" data-widget_type=\"shortcode.default\">\n\t\t\t\t<div class=\"elementor-widget-container\">\n\t\t\t\t\t\t\t<div class=\"elementor-shortcode\">\t\t<div data-elementor-type=\"section\" data-elementor-id=\"2032\" class=\"elementor elementor-2032\" data-elementor-post-type=\"elementor_library\">\n\t\t\t\t\t<section class=\"elementor-section elementor-top-section elementor-element elementor-element-2be82901 elementor-section-boxed elementor-section-height-default elementor-section-height-default\" data-id=\"2be82901\" data-element_type=\"section\" data-e-type=\"section\" data-settings=\"{&quot;jet_parallax_layout_list&quot;:[]}\">\n\t\t\t\t\t\t<div class=\"elementor-container elementor-column-gap-default\">\n\t\t\t\t\t<div class=\"elementor-column elementor-col-100 elementor-top-column elementor-element elementor-element-4b5d9b98\" data-id=\"4b5d9b98\" data-element_type=\"column\" data-e-type=\"column\">\n\t\t\t<div class=\"elementor-widget-wrap elementor-element-populated\">\n\t\t\t\t\t\t<div class=\"elementor-element elementor-element-1f3747c8 elementor-widget elementor-widget-image\" data-id=\"1f3747c8\" data-element_type=\"widget\" data-e-type=\"widget\" data-widget_type=\"image.default\">\n\t\t\t\t<div class=\"elementor-widget-container\">\n\t\t\t\t\t\t\t\t\t\t\t\t\t\t\t\t<a href=\"https:\/\/chateaucihelny.cz\/de\/\">\n\t\t\t\t\t\t\t<img decoding=\"async\" width=\"52\" height=\"70\" src=\"https:\/\/chateaucihelny.cz\/wp-content\/uploads\/2022\/03\/icon-cahteau-cihelny_-2.svg\" class=\"attachment-full size-full wp-image-4870\" alt=\"\" \/>\t\t\t\t\t\t\t\t<\/a>\n\t\t\t\t\t\t\t\t\t\t\t\t\t\t\t<\/div>\n\t\t\t\t<\/div>\n\t\t\t\t\t<\/div>\n\t\t<\/div>\n\t\t\t\t\t<\/div>\n\t\t<\/section>\n\t\t\t\t<\/div>\n\t\t<\/div>\n\t\t\t\t\t\t<\/div>\n\t\t\t\t<\/div>\n\t\t\t\t\t<\/div>\n\t\t<\/div>\n\t\t\t\t\t<\/div>\n\t\t<\/section>\n\t\t\t\t<\/div>\n\t\t","protected":false},"excerpt":{"rendered":"<p>Ch\u00e2teau \u2013 Foto-Galerie Ch\u00e2teau Cihelny &#8211; komfortable Unterkunft in insgesamt 16 architektonisch einzigartigen Zimmern mit Schlossromantik, Wellness und Schlossrestaurant befinden sich im Geb\u00e4ude. \u00dcber Ch\u00e2teau Cihelny Aus dem Leben des Ch\u00e2teau<\/p>\n","protected":false},"author":1,"featured_media":0,"parent":0,"menu_order":0,"comment_status":"closed","ping_status":"closed","template":"","meta":{"iawp_total_views":261,"footnotes":""},"class_list":["post-5268","page","type-page","status-publish","hentry"],"_links":{"self":[{"href":"https:\/\/chateaucihelny.cz\/de\/wp-json\/wp\/v2\/pages\/5268","targetHints":{"allow":["GET"]}}],"collection":[{"href":"https:\/\/chateaucihelny.cz\/de\/wp-json\/wp\/v2\/pages"}],"about":[{"href":"https:\/\/chateaucihelny.cz\/de\/wp-json\/wp\/v2\/types\/page"}],"author":[{"embeddable":true,"href":"https:\/\/chateaucihelny.cz\/de\/wp-json\/wp\/v2\/users\/1"}],"replies":[{"embeddable":true,"href":"https:\/\/chateaucihelny.cz\/de\/wp-json\/wp\/v2\/comments?post=5268"}],"version-history":[{"count":7,"href":"https:\/\/chateaucihelny.cz\/de\/wp-json\/wp\/v2\/pages\/5268\/revisions"}],"predecessor-version":[{"id":11698,"href":"https:\/\/chateaucihelny.cz\/de\/wp-json\/wp\/v2\/pages\/5268\/revisions\/11698"}],"wp:attachment":[{"href":"https:\/\/chateaucihelny.cz\/de\/wp-json\/wp\/v2\/media?parent=5268"}],"curies":[{"name":"wp","href":"https:\/\/api.w.org\/{rel}","templated":true}]}}