{"id":6373,"date":"2022-03-07T13:52:13","date_gmt":"2022-03-07T12:52:13","guid":{"rendered":"https:\/\/chateaucihelny.cz\/price-list-hotel\/"},"modified":"2025-04-07T16:25:43","modified_gmt":"2025-04-07T14:25:43","slug":"price-list-hotel","status":"publish","type":"page","link":"https:\/\/chateaucihelny.cz\/en\/price-list-hotel\/","title":{"rendered":"Price list &#8211; Hotel"},"content":{"rendered":"\t\t<div data-elementor-type=\"wp-page\" data-elementor-id=\"6373\" class=\"elementor elementor-6373 elementor-615\" data-elementor-post-type=\"page\">\n\t\t\t\t\t\t<section class=\"elementor-section elementor-top-section elementor-element elementor-element-8ebf740 elementor-section-boxed elementor-section-height-default elementor-section-height-default\" data-id=\"8ebf740\" data-element_type=\"section\" data-e-type=\"section\" data-settings=\"{&quot;jet_parallax_layout_list&quot;:[]}\">\n\t\t\t\t\t\t<div class=\"elementor-container elementor-column-gap-default\">\n\t\t\t\t\t<div class=\"elementor-column elementor-col-100 elementor-top-column elementor-element elementor-element-3fb44c4\" data-id=\"3fb44c4\" data-element_type=\"column\" data-e-type=\"column\">\n\t\t\t<div class=\"elementor-widget-wrap elementor-element-populated\">\n\t\t\t\t\t\t<div class=\"elementor-element elementor-element-0ea0be0 elementor-widget elementor-widget-heading\" data-id=\"0ea0be0\" data-element_type=\"widget\" data-e-type=\"widget\" data-widget_type=\"heading.default\">\n\t\t\t\t<div class=\"elementor-widget-container\">\n\t\t\t\t\t<h2 class=\"elementor-heading-title elementor-size-default\">Price list of accommodation in Hotel U&nbsp;Z\u00e1me\u010dku<\/h2>\t\t\t\t<\/div>\n\t\t\t\t<\/div>\n\t\t\t\t<div class=\"elementor-element elementor-element-ed60985 elementor-widget elementor-widget-text-editor\" data-id=\"ed60985\" data-element_type=\"widget\" data-e-type=\"widget\" data-widget_type=\"text-editor.default\">\n\t\t\t\t<div class=\"elementor-widget-container\">\n\t\t\t\t\t\t\t\t\t<p class=\"p1\">The prices are<span class=\"Apple-converted-space\">  <\/span>The prices are in CZK with VAT (12%) per room per night and include breakfast and parking. Spa and residence tax of 50&nbsp;CZK per person\/day is not included in the price.<\/p>\t\t\t\t\t\t\t\t<\/div>\n\t\t\t\t<\/div>\n\t\t\t\t<div class=\"elementor-element elementor-element-5d34530 elementor-invisible elementor-widget elementor-widget-jet-table\" data-id=\"5d34530\" data-element_type=\"widget\" data-e-type=\"widget\" data-settings=\"{&quot;_animation&quot;:&quot;fadeIn&quot;}\" data-widget_type=\"jet-table.default\">\n\t\t\t\t<div class=\"elementor-widget-container\">\n\t\t\t\t\t<div class=\"elementor-jet-table jet-elements\">\n\t\t<div class=\"jet-table-wrapper\">\n\t\t\t<table class=\"jet-table jet-table--fa5-compat\">\n\t\t\t\t<thead class=\"jet-table__head\"><tr class=\"jet-table__head-row\"><th class=\"jet-table__cell elementor-repeater-item-f56aaf9 jet-table__head-cell\" scope=\"col\"><div class=\"jet-table__cell-inner\"><div class=\"jet-table__cell-content\"><div class=\"jet-table__cell-text\">Hotel U&nbsp;Z\u00e1me\u010dku<\/div><\/div><\/div><\/th><th class=\"jet-table__cell elementor-repeater-item-fb3f7de jet-table__head-cell\" scope=\"col\"><div class=\"jet-table__cell-inner\"><div class=\"jet-table__cell-content\"><div class=\"jet-table__cell-text\">Main season<\/div><\/div><\/div><\/th><th class=\"jet-table__cell elementor-repeater-item-50e90d1 jet-table__head-cell\" scope=\"col\"><div class=\"jet-table__cell-inner\"><div class=\"jet-table__cell-content\"><div class=\"jet-table__cell-text\">HIGH SEASON<\/div><\/div><\/div><\/th><\/tr><\/thead>\n\t\t\t\t\t\t\t\t<tbody class=\"jet-table__body\"><tr class=\"jet-table__body-row elementor-repeater-item-3c8f36e\"><td class=\"jet-table__cell elementor-repeater-item-715dcb4 jet-table__body-cell\"><div class=\"jet-table__cell-inner\"><div class=\"jet-table__cell-content\"><div class=\"jet-table__cell-text\">Economy Double Room<\/div><\/div><\/div><\/td><td class=\"jet-table__cell elementor-repeater-item-3885512 jet-table__body-cell\"><div class=\"jet-table__cell-inner\"><div class=\"jet-table__cell-content\"><div class=\"jet-table__cell-text\">2&nbsp;500&nbsp;CZK<\/div><\/div><\/div><\/td><td class=\"jet-table__cell elementor-repeater-item-56b197f jet-table__body-cell\"><div class=\"jet-table__cell-inner\"><div class=\"jet-table__cell-content\"><div class=\"jet-table__cell-text\">3&nbsp;000&nbsp;CZK<\/div><\/div><\/div><\/td><\/tr><tr class=\"jet-table__body-row elementor-repeater-item-aa1b916\"><td class=\"jet-table__cell elementor-repeater-item-c3c9822 jet-table__body-cell\"><div class=\"jet-table__cell-inner\"><div class=\"jet-table__cell-content\"><div class=\"jet-table__cell-text\">Standard Double Room <\/div><\/div><\/div><\/td><td class=\"jet-table__cell elementor-repeater-item-aae0630 jet-table__body-cell\"><div class=\"jet-table__cell-inner\"><div class=\"jet-table__cell-content\"><div class=\"jet-table__cell-text\">2&nbsp;900&nbsp;CZK<\/div><\/div><\/div><\/td><td class=\"jet-table__cell elementor-repeater-item-ea9e3d5 jet-table__body-cell\"><div class=\"jet-table__cell-inner\"><div class=\"jet-table__cell-content\"><div class=\"jet-table__cell-text\">3&nbsp;500&nbsp;CZK<\/div><\/div><\/div><\/td><\/tr><tr class=\"jet-table__body-row elementor-repeater-item-7cdf4e3\"><td class=\"jet-table__cell elementor-repeater-item-e97946a jet-table__body-cell\"><div class=\"jet-table__cell-inner\"><div class=\"jet-table__cell-content\"><div class=\"jet-table__cell-text\">Superior Double Room*<\/div><\/div><\/div><\/td><td class=\"jet-table__cell elementor-repeater-item-f5f5497 jet-table__body-cell\"><div class=\"jet-table__cell-inner\"><div class=\"jet-table__cell-content\"><div class=\"jet-table__cell-text\">3&nbsp;900&nbsp;CZK<\/div><\/div><\/div><\/td><td class=\"jet-table__cell elementor-repeater-item-ba0ddbd jet-table__body-cell\"><div class=\"jet-table__cell-inner\"><div class=\"jet-table__cell-content\"><div class=\"jet-table__cell-text\">4&nbsp;500&nbsp;CZK<\/div><\/div><\/div><\/td><\/tr><\/tbody>\n\t\t\t<\/table>\n\t\t<\/div>\n\n\t\t<\/div>\t\t\t\t<\/div>\n\t\t\t\t<\/div>\n\t\t\t\t<div class=\"elementor-element elementor-element-9733052 elementor-widget elementor-widget-text-editor\" data-id=\"9733052\" data-element_type=\"widget\" data-e-type=\"widget\" data-widget_type=\"text-editor.default\">\n\t\t\t\t<div class=\"elementor-widget-container\">\n\t\t\t\t\t\t\t\t\t<p>* Superior Double Room includes access to the spa<\/p>\t\t\t\t\t\t\t\t<\/div>\n\t\t\t\t<\/div>\n\t\t\t\t<div class=\"elementor-element elementor-element-9346ea2 elementor-widget elementor-widget-shortcode\" data-id=\"9346ea2\" data-element_type=\"widget\" data-e-type=\"widget\" data-widget_type=\"shortcode.default\">\n\t\t\t\t<div class=\"elementor-widget-container\">\n\t\t\t\t\t\t\t<div class=\"elementor-shortcode\">\t\t<div data-elementor-type=\"container\" data-elementor-id=\"13129\" class=\"elementor elementor-13129 elementor-13126 elementor-13126\" data-elementor-post-type=\"elementor_library\">\n\t\t\t\t<div class=\"elementor-element elementor-element-8579119 e-flex e-con-boxed e-con e-parent\" data-id=\"8579119\" data-element_type=\"container\" data-e-type=\"container\" data-settings=\"{&quot;jet_parallax_layout_list&quot;:[]}\">\n\t\t\t\t\t<div class=\"e-con-inner\">\n\t\t<div class=\"elementor-element elementor-element-fde4a98 e-con-full e-grid e-con e-child\" data-id=\"fde4a98\" data-element_type=\"container\" data-e-type=\"container\" data-settings=\"{&quot;jet_parallax_layout_list&quot;:[]}\">\n\t\t<div class=\"elementor-element elementor-element-e9c2c92 e-con-full e-flex e-con e-child\" data-id=\"e9c2c92\" data-element_type=\"container\" data-e-type=\"container\" data-settings=\"{&quot;jet_parallax_layout_list&quot;:[]}\">\n\t\t\t\t<div class=\"elementor-element elementor-element-9c1e491 elementor-widget elementor-widget-heading\" data-id=\"9c1e491\" data-element_type=\"widget\" data-e-type=\"widget\" data-widget_type=\"heading.default\">\n\t\t\t\t<div class=\"elementor-widget-container\">\n\t\t\t\t\t<h3 class=\"elementor-heading-title elementor-size-default\">Seasons <\/h3>\t\t\t\t<\/div>\n\t\t\t\t<\/div>\n\t\t\t\t<div class=\"elementor-element elementor-element-205c185 elementor-widget-divider--view-line elementor-widget elementor-widget-divider\" data-id=\"205c185\" data-element_type=\"widget\" data-e-type=\"widget\" data-widget_type=\"divider.default\">\n\t\t\t\t<div class=\"elementor-widget-container\">\n\t\t\t\t\t\t\t<div class=\"elementor-divider\">\n\t\t\t<span class=\"elementor-divider-separator\">\n\t\t\t\t\t\t<\/span>\n\t\t<\/div>\n\t\t\t\t\t\t<\/div>\n\t\t\t\t<\/div>\n\t\t\t\t<div class=\"elementor-element elementor-element-827ba3e elementor-widget elementor-widget-text-editor\" data-id=\"827ba3e\" data-element_type=\"widget\" data-e-type=\"widget\" data-widget_type=\"text-editor.default\">\n\t\t\t\t<div class=\"elementor-widget-container\">\n\t\t\t\t\t\t\t\t\t<p><strong>MAIN SEASON: <\/strong>from 1.&nbsp;5.&nbsp;2026 to 22.&nbsp;12.&nbsp;2026.  <br><strong>HIGH SEASON:<\/strong> Easter: 2.4.&nbsp;up to 6.&nbsp;4.&nbsp;2026,<br>Christmas holidays 23.&nbsp;12.&nbsp;2026 to 3.&nbsp;1.&nbsp;2027<\/p>\t\t\t\t\t\t\t\t<\/div>\n\t\t\t\t<\/div>\n\t\t\t\t<\/div>\n\t\t<div class=\"elementor-element elementor-element-399a104 e-con-full e-flex e-con e-child\" data-id=\"399a104\" data-element_type=\"container\" data-e-type=\"container\" data-settings=\"{&quot;jet_parallax_layout_list&quot;:[]}\">\n\t\t\t\t<div class=\"elementor-element elementor-element-997b7f5 elementor-widget elementor-widget-heading\" data-id=\"997b7f5\" data-element_type=\"widget\" data-e-type=\"widget\" data-widget_type=\"heading.default\">\n\t\t\t\t<div class=\"elementor-widget-container\">\n\t\t\t\t\t<h3 class=\"elementor-heading-title elementor-size-default\">Operating hours<\/h3>\t\t\t\t<\/div>\n\t\t\t\t<\/div>\n\t\t\t\t<div class=\"elementor-element elementor-element-0a72e73 elementor-widget-divider--view-line elementor-widget elementor-widget-divider\" data-id=\"0a72e73\" data-element_type=\"widget\" data-e-type=\"widget\" data-widget_type=\"divider.default\">\n\t\t\t\t<div class=\"elementor-widget-container\">\n\t\t\t\t\t\t\t<div class=\"elementor-divider\">\n\t\t\t<span class=\"elementor-divider-separator\">\n\t\t\t\t\t\t<\/span>\n\t\t<\/div>\n\t\t\t\t\t\t<\/div>\n\t\t\t\t<\/div>\n\t\t\t\t<div class=\"elementor-element elementor-element-0f3b976 elementor-widget elementor-widget-text-editor\" data-id=\"0f3b976\" data-element_type=\"widget\" data-e-type=\"widget\" data-widget_type=\"text-editor.default\">\n\t\t\t\t<div class=\"elementor-widget-container\">\n\t\t\t\t\t\t\t\t\t<p><strong>WELLNESS and FITNESS: <\/strong>Sunday to Thursday from 08:00 to 20:00. Friday and Saturday from 08:00 to 22:00.<br><strong>SAUNA:<\/strong> Sunday to Thursday from 16:00 to 20:00. Friday and Saturday from 16:00 to 22:00. <\/p>\t\t\t\t\t\t\t\t<\/div>\n\t\t\t\t<\/div>\n\t\t\t\t<\/div>\n\t\t\t\t<\/div>\n\t\t\t\t\t<\/div>\n\t\t\t\t<\/div>\n\t\t\t\t<\/div>\n\t\t<\/div>\n\t\t\t\t\t\t<\/div>\n\t\t\t\t<\/div>\n\t\t\t\t<div class=\"elementor-element elementor-element-9d54654 elementor-widget elementor-widget-shortcode\" data-id=\"9d54654\" data-element_type=\"widget\" data-e-type=\"widget\" data-widget_type=\"shortcode.default\">\n\t\t\t\t<div class=\"elementor-widget-container\">\n\t\t\t\t\t\t\t<div class=\"elementor-shortcode\">\t\t<div data-elementor-type=\"section\" data-elementor-id=\"7097\" class=\"elementor elementor-7097 elementor-7094 elementor-7094\" data-elementor-post-type=\"elementor_library\">\n\t\t\t\t\t<section class=\"elementor-section elementor-top-section elementor-element elementor-element-76cbae2 elementor-section-boxed elementor-section-height-default elementor-section-height-default\" data-id=\"76cbae2\" data-element_type=\"section\" data-e-type=\"section\" data-settings=\"{&quot;jet_parallax_layout_list&quot;:[]}\">\n\t\t\t\t\t\t<div class=\"elementor-container elementor-column-gap-default\">\n\t\t\t\t\t<div class=\"elementor-column elementor-col-100 elementor-top-column elementor-element elementor-element-06e2046\" data-id=\"06e2046\" data-element_type=\"column\" data-e-type=\"column\">\n\t\t\t<div class=\"elementor-widget-wrap elementor-element-populated\">\n\t\t\t\t\t\t<div class=\"elementor-element elementor-element-73a191b elementor-widget elementor-widget-text-editor\" data-id=\"73a191b\" data-element_type=\"widget\" data-e-type=\"widget\" data-widget_type=\"text-editor.default\">\n\t\t\t\t<div class=\"elementor-widget-container\">\n\t\t\t\t\t\t\t\t\t<p class=\"p1\"><i><strong>Price for single use<\/strong>: minus 300 CZK\/night from the room price. <\/i><i><strong>Price for children<\/strong>: (extra bed Ch\u00e2teau, Villa Golf, Hotel U&nbsp;Z\u00e1me\u010dku) 0-2 years free, 3-11 years 1100 CZK\/night, 12-15 years extra bed 1500 CZK\/night. <\/i>Price per night including breakfast and access to wellness. Accommodation with an extra bed in the Hotel u&nbsp;Z\u00e1me\u010dku is only possible in Superior rooms with access to wellness. <i>Price for children (extra bed Pension U&nbsp;Golfu): 0-2 years: free, 3-11 years: 600 CZK\/night, 12-15 years: 900 CZK\/night.  <\/i><i><\/i><i><strong>Price per pet <\/strong> up to 15&nbsp;kg: 400 CZK\/\/night (only in selected rooms). <\/i><em>Prices at Ch\u00e2teau Cihelny**** and Ville Golf**** include <strong>access to the wellness centre<\/strong>. In the case of accommodation in Hotel U&nbsp;Z\u00e1me\u010dku*** and Pension U&nbsp;Golfu**, entry to the wellness centre for an additional fee: 600 CZK\/person\/day. The prices are stated in CZK including VAT (12%) per room per night and include breakfast and parking. Spa and <strong>residence tax<\/strong> of 50&nbsp;CZK per adult\/day is not included in the price. <strong>Late check-out<\/strong> 11:00 &#8211; 14:00 for a&nbsp;surcharge of 500 CZK\/room, <strong>late check-out<\/strong> 11:00 &#8211; 18:00 for a&nbsp;surcharge of 1000 CZK\/room &#8211; subject to availability.  <\/em><i><\/i><strong>Wellness for public<\/strong> 180 minutes 800 CZK\/person<\/p>\t\t\t\t\t\t\t\t<\/div>\n\t\t\t\t<\/div>\n\t\t\t\t<div class=\"elementor-element elementor-element-dcd7589 elementor-widget elementor-widget-shortcode\" data-id=\"dcd7589\" data-element_type=\"widget\" data-e-type=\"widget\" data-widget_type=\"shortcode.default\">\n\t\t\t\t<div class=\"elementor-widget-container\">\n\t\t\t\t\t\t\t<div class=\"elementor-shortcode\">\t\t<div data-elementor-type=\"section\" data-elementor-id=\"15384\" class=\"elementor elementor-15384 elementor-15281 elementor-15281 elementor-15281\" data-elementor-post-type=\"elementor_library\">\n\t\t\t<div class=\"elementor-element elementor-element-2cc052f e-flex e-con-boxed e-con e-parent\" data-id=\"2cc052f\" data-element_type=\"container\" data-e-type=\"container\" data-settings=\"{&quot;jet_parallax_layout_list&quot;:[]}\">\n\t\t\t\t\t<div class=\"e-con-inner\">\n\t\t\t\t<div class=\"elementor-element elementor-element-cd9ca7c elementor-widget elementor-widget-text-editor\" data-id=\"cd9ca7c\" data-element_type=\"widget\" data-e-type=\"widget\" data-widget_type=\"text-editor.default\">\n\t\t\t\t<div class=\"elementor-widget-container\">\n\t\t\t\t\t\t\t\t\t<p class=\"p1\"><i>Price list valid from 5.&nbsp;1.&nbsp;2026<\/i><\/p>\t\t\t\t\t\t\t\t<\/div>\n\t\t\t\t<\/div>\n\t\t\t\t\t<\/div>\n\t\t\t\t<\/div>\n\t\t\t\t<\/div>\n\t\t<\/div>\n\t\t\t\t\t\t<\/div>\n\t\t\t\t<\/div>\n\t\t\t\t\t<\/div>\n\t\t<\/div>\n\t\t\t\t\t<\/div>\n\t\t<\/section>\n\t\t\t\t<\/div>\n\t\t<\/div>\n\t\t\t\t\t\t<\/div>\n\t\t\t\t<\/div>\n\t\t\t\t<div class=\"elementor-element elementor-element-9f5bf2b elementor-align-center elementor-widget__width-auto elementor-widget elementor-widget-button\" data-id=\"9f5bf2b\" data-element_type=\"widget\" data-e-type=\"widget\" data-widget_type=\"button.default\">\n\t\t\t\t<div class=\"elementor-widget-container\">\n\t\t\t\t\t\t\t\t\t<div class=\"elementor-button-wrapper\">\n\t\t\t\t\t<a class=\"elementor-button elementor-button-link elementor-size-sm\" href=\"https:\/\/chateaucihelny.cz\/en\/about-the-hotel\/\">\n\t\t\t\t\t\t<span class=\"elementor-button-content-wrapper\">\n\t\t\t\t\t\t\t\t\t<span class=\"elementor-button-text\">About Hotel U&nbsp;Z\u00e1me\u010dku<\/span>\n\t\t\t\t\t<\/span>\n\t\t\t\t\t<\/a>\n\t\t\t\t<\/div>\n\t\t\t\t\t\t\t\t<\/div>\n\t\t\t\t<\/div>\n\t\t\t\t<div class=\"elementor-element elementor-element-f07ed97 elementor-align-center elementor-widget__width-auto elementor-widget elementor-widget-button\" data-id=\"f07ed97\" data-element_type=\"widget\" data-e-type=\"widget\" data-widget_type=\"button.default\">\n\t\t\t\t<div class=\"elementor-widget-container\">\n\t\t\t\t\t\t\t\t\t<div class=\"elementor-button-wrapper\">\n\t\t\t\t\t<a class=\"elementor-button elementor-button-link elementor-size-sm\" href=\"https:\/\/chateaucihelny.cz\/en\/book-a-room-hotel\/\">\n\t\t\t\t\t\t<span class=\"elementor-button-content-wrapper\">\n\t\t\t\t\t\t\t\t\t<span class=\"elementor-button-text\">Book now<\/span>\n\t\t\t\t\t<\/span>\n\t\t\t\t\t<\/a>\n\t\t\t\t<\/div>\n\t\t\t\t\t\t\t\t<\/div>\n\t\t\t\t<\/div>\n\t\t\t\t<div class=\"elementor-element elementor-element-cbb15e4 elementor-widget elementor-widget-shortcode\" data-id=\"cbb15e4\" data-element_type=\"widget\" data-e-type=\"widget\" data-widget_type=\"shortcode.default\">\n\t\t\t\t<div class=\"elementor-widget-container\">\n\t\t\t\t\t\t\t<div class=\"elementor-shortcode\">\t\t<div data-elementor-type=\"section\" data-elementor-id=\"2032\" class=\"elementor elementor-2032\" data-elementor-post-type=\"elementor_library\">\n\t\t\t\t\t<section class=\"elementor-section elementor-top-section elementor-element elementor-element-2be82901 elementor-section-boxed elementor-section-height-default elementor-section-height-default\" data-id=\"2be82901\" data-element_type=\"section\" data-e-type=\"section\" data-settings=\"{&quot;jet_parallax_layout_list&quot;:[]}\">\n\t\t\t\t\t\t<div class=\"elementor-container elementor-column-gap-default\">\n\t\t\t\t\t<div class=\"elementor-column elementor-col-100 elementor-top-column elementor-element elementor-element-4b5d9b98\" data-id=\"4b5d9b98\" data-element_type=\"column\" data-e-type=\"column\">\n\t\t\t<div class=\"elementor-widget-wrap elementor-element-populated\">\n\t\t\t\t\t\t<div class=\"elementor-element elementor-element-1f3747c8 elementor-widget elementor-widget-image\" data-id=\"1f3747c8\" data-element_type=\"widget\" data-e-type=\"widget\" data-widget_type=\"image.default\">\n\t\t\t\t<div class=\"elementor-widget-container\">\n\t\t\t\t\t\t\t\t\t\t\t\t\t\t\t\t<a href=\"https:\/\/chateaucihelny.cz\/en\/\">\n\t\t\t\t\t\t\t<img decoding=\"async\" width=\"52\" height=\"70\" src=\"https:\/\/chateaucihelny.cz\/wp-content\/uploads\/2022\/03\/icon-cahteau-cihelny_-2.svg\" class=\"attachment-full size-full wp-image-6160\" alt=\"\" \/>\t\t\t\t\t\t\t\t<\/a>\n\t\t\t\t\t\t\t\t\t\t\t\t\t\t\t<\/div>\n\t\t\t\t<\/div>\n\t\t\t\t\t<\/div>\n\t\t<\/div>\n\t\t\t\t\t<\/div>\n\t\t<\/section>\n\t\t\t\t<\/div>\n\t\t<\/div>\n\t\t\t\t\t\t<\/div>\n\t\t\t\t<\/div>\n\t\t\t\t\t<\/div>\n\t\t<\/div>\n\t\t\t\t\t<\/div>\n\t\t<\/section>\n\t\t\t\t<\/div>\n\t\t","protected":false},"excerpt":{"rendered":"<p>Price list of accommodation in Hotel U&nbsp;Z\u00e1me\u010dku The prices are The prices are in CZK with VAT (12%) per room per night and include breakfast and parking. Spa and residence tax of 50&nbsp;CZK per person\/day is not included in the price. Hotel U&nbsp;Z\u00e1me\u010dku Main season HIGH SEASON Economy Double Room 2&nbsp;500&nbsp;CZK 3&nbsp;000&nbsp;CZK Standard Double Room [&hellip;]<\/p>\n","protected":false},"author":1,"featured_media":0,"parent":0,"menu_order":0,"comment_status":"closed","ping_status":"closed","template":"","meta":{"iawp_total_views":64,"footnotes":""},"class_list":["post-6373","page","type-page","status-publish","hentry"],"_links":{"self":[{"href":"https:\/\/chateaucihelny.cz\/en\/wp-json\/wp\/v2\/pages\/6373","targetHints":{"allow":["GET"]}}],"collection":[{"href":"https:\/\/chateaucihelny.cz\/en\/wp-json\/wp\/v2\/pages"}],"about":[{"href":"https:\/\/chateaucihelny.cz\/en\/wp-json\/wp\/v2\/types\/page"}],"author":[{"embeddable":true,"href":"https:\/\/chateaucihelny.cz\/en\/wp-json\/wp\/v2\/users\/1"}],"replies":[{"embeddable":true,"href":"https:\/\/chateaucihelny.cz\/en\/wp-json\/wp\/v2\/comments?post=6373"}],"version-history":[{"count":11,"href":"https:\/\/chateaucihelny.cz\/en\/wp-json\/wp\/v2\/pages\/6373\/revisions"}],"predecessor-version":[{"id":13716,"href":"https:\/\/chateaucihelny.cz\/en\/wp-json\/wp\/v2\/pages\/6373\/revisions\/13716"}],"wp:attachment":[{"href":"https:\/\/chateaucihelny.cz\/en\/wp-json\/wp\/v2\/media?parent=6373"}],"curies":[{"name":"wp","href":"https:\/\/api.w.org\/{rel}","templated":true}]}}