{"id":6545,"date":"2022-03-07T13:39:55","date_gmt":"2022-03-07T12:39:55","guid":{"rendered":"https:\/\/chateaucihelny.cz\/menu\/"},"modified":"2026-04-21T14:00:10","modified_gmt":"2026-04-21T12:00:10","slug":"menu","status":"publish","type":"page","link":"https:\/\/chateaucihelny.cz\/en\/menu\/","title":{"rendered":"Ch\u00e2teau Menu"},"content":{"rendered":"\t\t<div data-elementor-type=\"wp-page\" data-elementor-id=\"6545\" class=\"elementor elementor-6545 elementor-584\" data-elementor-post-type=\"page\">\n\t\t\t\t\t\t<section class=\"elementor-section elementor-top-section elementor-element elementor-element-1513cea elementor-section-boxed elementor-section-height-default elementor-section-height-default\" data-id=\"1513cea\" data-element_type=\"section\" data-e-type=\"section\" data-settings=\"{&quot;jet_parallax_layout_list&quot;:[]}\">\n\t\t\t\t\t\t<div class=\"elementor-container elementor-column-gap-default\">\n\t\t\t\t\t<div class=\"elementor-column elementor-col-100 elementor-top-column elementor-element elementor-element-fb9c494\" data-id=\"fb9c494\" data-element_type=\"column\" data-e-type=\"column\">\n\t\t\t<div class=\"elementor-widget-wrap elementor-element-populated\">\n\t\t\t\t\t\t<div class=\"elementor-element elementor-element-9e050ae elementor-widget elementor-widget-heading\" data-id=\"9e050ae\" data-element_type=\"widget\" data-e-type=\"widget\" data-widget_type=\"heading.default\">\n\t\t\t\t<div class=\"elementor-widget-container\">\n\t\t\t\t\t<h2 class=\"elementor-heading-title elementor-size-default\">Ch\u00e2teau Menu<\/h2>\t\t\t\t<\/div>\n\t\t\t\t<\/div>\n\t\t\t\t<div class=\"elementor-element elementor-element-a63a4df elementor-invisible elementor-widget elementor-widget-jet-table\" data-id=\"a63a4df\" data-element_type=\"widget\" data-e-type=\"widget\" data-settings=\"{&quot;_animation&quot;:&quot;fadeIn&quot;}\" data-widget_type=\"jet-table.default\">\n\t\t\t\t<div class=\"elementor-widget-container\">\n\t\t\t\t\t<div class=\"elementor-jet-table jet-elements\">\n\t\t<div class=\"jet-table-wrapper\">\n\t\t\t<table class=\"jet-table jet-table--fa5-compat\">\n\t\t\t\t<thead class=\"jet-table__head\"><tr class=\"jet-table__head-row\"><th class=\"jet-table__cell elementor-repeater-item-50e90d1 jet-table__head-cell\" scope=\"col\"><div class=\"jet-table__cell-inner\"><div class=\"jet-table__cell-content\"><div class=\"jet-table__cell-text\">Appetizer<\/div><\/div><\/div><\/th><th class=\"jet-table__cell elementor-repeater-item-2422e61 jet-table__head-cell\" scope=\"col\"><div class=\"jet-table__cell-inner\"><div class=\"jet-table__cell-content\"><\/div><\/div><\/th><\/tr><\/thead>\n\t\t\t\t\t\t\t\t<tbody class=\"jet-table__body\"><tr class=\"jet-table__body-row elementor-repeater-item-3c8f36e\"><td class=\"jet-table__cell elementor-repeater-item-715dcb4 jet-table__body-cell\"><div class=\"jet-table__cell-inner\"><div class=\"jet-table__cell-content\"><div class=\"jet-table__cell-text\">Baked goat cheese with leafy greens, pistachios, Apricot dressing with rosemary, our Sourdough rye bread\n<\/div><\/div><\/div><\/td><td class=\"jet-table__cell elementor-repeater-item-b19aa56 jet-table__body-cell\"><div class=\"jet-table__cell-inner\"><div class=\"jet-table__cell-content\"><div class=\"jet-table__cell-text\">275&nbsp;CZK<\/div><\/div><\/div><\/td><\/tr><tr class=\"jet-table__body-row elementor-repeater-item-ba62306\"><td class=\"jet-table__cell elementor-repeater-item-92ffef3 jet-table__body-cell\"><div class=\"jet-table__cell-inner\"><div class=\"jet-table__cell-content\"><div class=\"jet-table__cell-text\">Assortment of melons, with Fetta cheese, mint jelly and micro herbs<\/div><\/div><\/div><\/td><td class=\"jet-table__cell elementor-repeater-item-455da2f jet-table__body-cell\"><div class=\"jet-table__cell-inner\"><div class=\"jet-table__cell-content\"><div class=\"jet-table__cell-text\">250&nbsp;CZK<\/div><\/div><\/div><\/td><\/tr><tr class=\"jet-table__body-row elementor-repeater-item-7054d42\"><td class=\"jet-table__cell elementor-repeater-item-05c9bfd jet-table__body-cell\"><div class=\"jet-table__cell-inner\"><div class=\"jet-table__cell-content\"><div class=\"jet-table__cell-text\">Beef carpaccio, truffle oil, parmesan cheese, toast<\/div><\/div><\/div><\/td><td class=\"jet-table__cell elementor-repeater-item-1883bb9 jet-table__body-cell\"><div class=\"jet-table__cell-inner\"><div class=\"jet-table__cell-content\"><div class=\"jet-table__cell-text\">295&nbsp;CZK<\/div><\/div><\/div><\/td><\/tr><tr class=\"jet-table__body-row elementor-repeater-item-ad20651\"><th class=\"jet-table__cell elementor-repeater-item-f5a8f63 jet-table__head-cell\" scope=\"row\"><div class=\"jet-table__cell-inner\"><div class=\"jet-table__cell-content\"><div class=\"jet-table__cell-text\">Soup<\/div><\/div><\/div><\/th><\/tr><tr class=\"jet-table__body-row elementor-repeater-item-623a98b\"><td class=\"jet-table__cell elementor-repeater-item-1de075b jet-table__body-cell\"><div class=\"jet-table__cell-inner\"><div class=\"jet-table__cell-content\"><div class=\"jet-table__cell-text\">Beef broth with meat and our Celestine noodles <\/div><\/div><\/div><\/td><td class=\"jet-table__cell elementor-repeater-item-1bc9f46 jet-table__body-cell\"><div class=\"jet-table__cell-inner\"><div class=\"jet-table__cell-content\"><div class=\"jet-table__cell-text\"> 120&nbsp;CZK<\/div><\/div><\/div><\/td><\/tr><tr class=\"jet-table__body-row elementor-repeater-item-ec6854f\"><td class=\"jet-table__cell elementor-repeater-item-2ec9f2b jet-table__body-cell\"><div class=\"jet-table__cell-inner\"><div class=\"jet-table__cell-content\"><div class=\"jet-table__cell-text\">Soup of the day according to the menu<\/div><\/div><\/div><\/td><td class=\"jet-table__cell elementor-repeater-item-05c5178 jet-table__body-cell\"><div class=\"jet-table__cell-inner\"><div class=\"jet-table__cell-content\"><div class=\"jet-table__cell-text\">&nbsp;&nbsp;95&nbsp;CZK<\/div><\/div><\/div><\/td><\/tr><tr class=\"jet-table__body-row elementor-repeater-item-f39d5f2\"><th class=\"jet-table__cell elementor-repeater-item-08c57ca jet-table__head-cell\" scope=\"row\"><div class=\"jet-table__cell-inner\"><div class=\"jet-table__cell-content\"><div class=\"jet-table__cell-text\">Main course<\/div><\/div><\/div><\/th><\/tr><tr class=\"jet-table__body-row elementor-repeater-item-b17a910\"><td class=\"jet-table__cell elementor-repeater-item-6c3f6dd jet-table__body-cell\"><div class=\"jet-table__cell-inner\"><div class=\"jet-table__cell-content\"><div class=\"jet-table__cell-text\">Fresh fish according to daily offer, served with creamy cider sauce and steamed spinach leaves\n<\/div><\/div><\/div><\/td><td class=\"jet-table__cell elementor-repeater-item-ede2f4b jet-table__body-cell\"><div class=\"jet-table__cell-inner\"><div class=\"jet-table__cell-content\"><div class=\"jet-table__cell-text\">480&nbsp;CZK<\/div><\/div><\/div><\/td><\/tr><tr class=\"jet-table__body-row elementor-repeater-item-74bca56\"><td class=\"jet-table__cell elementor-repeater-item-1d3db68 jet-table__body-cell\"><div class=\"jet-table__cell-inner\"><div class=\"jet-table__cell-content\"><div class=\"jet-table__cell-text\">Our Castle roll from farm raised chicken with herbs, Served with delicate potato puree with butter<\/div><\/div><\/div><\/td><td class=\"jet-table__cell elementor-repeater-item-9a24c7e jet-table__body-cell\"><div class=\"jet-table__cell-inner\"><div class=\"jet-table__cell-content\"><div class=\"jet-table__cell-text\">295&nbsp;CZK<\/div><\/div><\/div><\/td><\/tr><tr class=\"jet-table__body-row elementor-repeater-item-ee4ecc5\"><td class=\"jet-table__cell elementor-repeater-item-0ffbdd7 jet-table__body-cell\"><div class=\"jet-table__cell-inner\"><div class=\"jet-table__cell-content\"><div class=\"jet-table__cell-text\">Veel leg \u201ea la Old Bohemian Sv\u00ed\u010dkov\u00e1\u201c, karlsbad dumplings<\/div><\/div><\/div><\/td><td class=\"jet-table__cell elementor-repeater-item-2f569b5 jet-table__body-cell\"><div class=\"jet-table__cell-inner\"><div class=\"jet-table__cell-content\"><div class=\"jet-table__cell-text\">390&nbsp;CZK<\/div><\/div><\/div><\/td><\/tr><tr class=\"jet-table__body-row elementor-repeater-item-89009d8\"><td class=\"jet-table__cell elementor-repeater-item-6b2c7a5 jet-table__body-cell\"><div class=\"jet-table__cell-inner\"><div class=\"jet-table__cell-content\"><div class=\"jet-table__cell-text\">Pork knee \u201esous vide\u201c without bone, grilled, marinated in beer and honey, pickled vegetables, fresh bread<\/div><\/div><\/div><\/td><td class=\"jet-table__cell elementor-repeater-item-e741380 jet-table__body-cell\"><div class=\"jet-table__cell-inner\"><div class=\"jet-table__cell-content\"><div class=\"jet-table__cell-text\">480&nbsp;CZK<\/div><\/div><\/div><\/td><\/tr><tr class=\"jet-table__body-row elementor-repeater-item-0c47018\"><td class=\"jet-table__cell elementor-repeater-item-03cb0f9 jet-table__body-cell\"><div class=\"jet-table__cell-inner\"><div class=\"jet-table__cell-content\"><div class=\"jet-table__cell-text\">Pork cutlet fried with pork tallow from pork neck, With delicate potato puree with butter and a&nbsp;pickles<\/div><\/div><\/div><\/td><td class=\"jet-table__cell elementor-repeater-item-dae43a3 jet-table__body-cell\"><div class=\"jet-table__cell-inner\"><div class=\"jet-table__cell-content\"><div class=\"jet-table__cell-text\">320&nbsp;CZK<\/div><\/div><\/div><\/td><\/tr><tr class=\"jet-table__body-row elementor-repeater-item-244e348\"><td class=\"jet-table__cell elementor-repeater-item-21d3e30 jet-table__body-cell\"><div class=\"jet-table__cell-inner\"><div class=\"jet-table__cell-content\"><div class=\"jet-table__cell-text\">Rump steak, grilled Portobello, backed grenaille potatoes Our castle truffle sauce<\/div><\/div><\/div><\/td><td class=\"jet-table__cell elementor-repeater-item-30acd77 jet-table__body-cell\"><div class=\"jet-table__cell-inner\"><div class=\"jet-table__cell-content\"><div class=\"jet-table__cell-text\">595&nbsp;CZK<\/div><\/div><\/div><\/td><\/tr><tr class=\"jet-table__body-row elementor-repeater-item-8897145\"><td class=\"jet-table__cell elementor-repeater-item-9b91472 jet-table__body-cell\"><div class=\"jet-table__cell-inner\"><div class=\"jet-table__cell-content\"><div class=\"jet-table__cell-text\">Fresh pasta according to the daily menu, grilled prawns with garlic, white wine and herbs<\/div><\/div><\/div><\/td><td class=\"jet-table__cell elementor-repeater-item-17ff3c6 jet-table__body-cell\"><div class=\"jet-table__cell-inner\"><div class=\"jet-table__cell-content\"><div class=\"jet-table__cell-text\">390&nbsp;CZK<\/div><\/div><\/div><\/td><\/tr><tr class=\"jet-table__body-row elementor-repeater-item-0be58eb\"><th class=\"jet-table__cell elementor-repeater-item-6c80ea4 jet-table__head-cell\" scope=\"row\"><div class=\"jet-table__cell-inner\"><div class=\"jet-table__cell-content\"><div class=\"jet-table__cell-text\">Meatless and wellness disches<\/div><\/div><\/div><\/th><\/tr><tr class=\"jet-table__body-row elementor-repeater-item-fa7933d\"><td class=\"jet-table__cell elementor-repeater-item-6122ee5 jet-table__body-cell\"><div class=\"jet-table__cell-inner\"><div class=\"jet-table__cell-content\"><div class=\"jet-table__cell-text\">Fresh pasta according to daily offer with sun dried tomatoes Burrata and fresh herbs<\/div><\/div><\/div><\/td><td class=\"jet-table__cell elementor-repeater-item-3e45987 jet-table__body-cell\"><div class=\"jet-table__cell-inner\"><div class=\"jet-table__cell-content\"><div class=\"jet-table__cell-text\">395&nbsp;CZK<\/div><\/div><\/div><\/td><\/tr><tr class=\"jet-table__body-row elementor-repeater-item-36fff6a\"><td class=\"jet-table__cell elementor-repeater-item-d457e76 jet-table__body-cell\"><div class=\"jet-table__cell-inner\"><div class=\"jet-table__cell-content\"><div class=\"jet-table__cell-text\">Grilled Portobello steak with spinach leaves, Backed grenaille potatoes and \u201eEgg 63\u201c<\/div><\/div><\/div><\/td><td class=\"jet-table__cell elementor-repeater-item-22cd167 jet-table__body-cell\"><div class=\"jet-table__cell-inner\"><div class=\"jet-table__cell-content\"><div class=\"jet-table__cell-text\">270&nbsp;CZK<\/div><\/div><\/div><\/td><\/tr><tr class=\"jet-table__body-row elementor-repeater-item-b9d5099\"><th class=\"jet-table__cell elementor-repeater-item-aba254b jet-table__head-cell\" scope=\"row\"><div class=\"jet-table__cell-inner\"><div class=\"jet-table__cell-content\"><div class=\"jet-table__cell-text\">Our seasonal salads<\/div><\/div><\/div><\/th><\/tr><tr class=\"jet-table__body-row elementor-repeater-item-c491406\"><td class=\"jet-table__cell elementor-repeater-item-10ef9e5 jet-table__body-cell\"><div class=\"jet-table__cell-inner\"><div class=\"jet-table__cell-content\"><div class=\"jet-table__cell-text\">Assortment of leafy greens with schrimps marinated in herbs and garlic, toast<\/div><\/div><\/div><\/td><td class=\"jet-table__cell elementor-repeater-item-31726c2 jet-table__body-cell\"><div class=\"jet-table__cell-inner\"><div class=\"jet-table__cell-content\"><div class=\"jet-table__cell-text\">390&nbsp;CZK<\/div><\/div><\/div><\/td><\/tr><tr class=\"jet-table__body-row elementor-repeater-item-5026093\"><td class=\"jet-table__cell elementor-repeater-item-ac54a77 jet-table__body-cell\"><div class=\"jet-table__cell-inner\"><div class=\"jet-table__cell-content\"><div class=\"jet-table__cell-text\">Burrata on a&nbsp;bed of tomatoes, m\u00e2che, herb pesto, focaccia<\/div><\/div><\/div><\/td><td class=\"jet-table__cell elementor-repeater-item-7d57e70 jet-table__body-cell\"><div class=\"jet-table__cell-inner\"><div class=\"jet-table__cell-content\"><div class=\"jet-table__cell-text\">420&nbsp;CZK<\/div><\/div><\/div><\/td><\/tr><tr class=\"jet-table__body-row elementor-repeater-item-491e213\"><td class=\"jet-table__cell elementor-repeater-item-f9d8d9e jet-table__body-cell\"><div class=\"jet-table__cell-inner\"><div class=\"jet-table__cell-content\"><div class=\"jet-table__cell-text\">Colorful vegetables salad with Fetta marinated in herb oil, olives, marinated red onions, toast<\/div><\/div><\/div><\/td><td class=\"jet-table__cell elementor-repeater-item-4db11a0 jet-table__body-cell\"><div class=\"jet-table__cell-inner\"><div class=\"jet-table__cell-content\"><div class=\"jet-table__cell-text\">295&nbsp;CZK<\/div><\/div><\/div><\/td><\/tr><tr class=\"jet-table__body-row elementor-repeater-item-9712a41\"><td class=\"jet-table__cell elementor-repeater-item-33d3e4c jet-table__body-cell\"><div class=\"jet-table__cell-inner\"><div class=\"jet-table__cell-content\"><div class=\"jet-table__cell-text\">Small mixed vegetable salad  <\/div><\/div><\/div><\/td><td class=\"jet-table__cell elementor-repeater-item-f0302d0 jet-table__body-cell\"><div class=\"jet-table__cell-inner\"><div class=\"jet-table__cell-content\"><div class=\"jet-table__cell-text\">135&nbsp;CZK<\/div><\/div><\/div><\/td><\/tr><tr class=\"jet-table__body-row elementor-repeater-item-50ba3c6\"><td class=\"jet-table__cell elementor-repeater-item-2c605f3 jet-table__body-cell\"><div class=\"jet-table__cell-inner\"><div class=\"jet-table__cell-content\"><div class=\"jet-table__cell-text\">Small mixed vegetable salad with Fetta<\/div><\/div><\/div><\/td><td class=\"jet-table__cell elementor-repeater-item-1e72c7f jet-table__body-cell\"><div class=\"jet-table__cell-inner\"><div class=\"jet-table__cell-content\"><div class=\"jet-table__cell-text\">165&nbsp;CZK<\/div><\/div><\/div><\/td><\/tr><tr class=\"jet-table__body-row elementor-repeater-item-507e795\"><th class=\"jet-table__cell elementor-repeater-item-f34644a jet-table__head-cell\" scope=\"row\"><div class=\"jet-table__cell-inner\"><div class=\"jet-table__cell-content\"><div class=\"jet-table__cell-text\">Children&#8217;s&nbsp;meals (for children only)<\/div><\/div><\/div><\/th><\/tr><tr class=\"jet-table__body-row elementor-repeater-item-ca1673e\"><td class=\"jet-table__cell elementor-repeater-item-76ebca7 jet-table__body-cell\"><div class=\"jet-table__cell-inner\"><div class=\"jet-table__cell-content\"><div class=\"jet-table__cell-text\">Chicken cutlet, potato puree or French fries<\/div><\/div><\/div><\/td><td class=\"jet-table__cell elementor-repeater-item-9748d36 jet-table__body-cell\"><div class=\"jet-table__cell-inner\"><div class=\"jet-table__cell-content\"><div class=\"jet-table__cell-text\">190&nbsp;CZK<\/div><\/div><\/div><\/td><\/tr><tr class=\"jet-table__body-row elementor-repeater-item-34789e7\"><td class=\"jet-table__cell elementor-repeater-item-739bdd6 jet-table__body-cell\"><div class=\"jet-table__cell-inner\"><div class=\"jet-table__cell-content\"><div class=\"jet-table__cell-text\">Veel leg \u201ea la Sv\u00ed\u010dkov\u00e1\u201c, our karlsbad dumplings<\/div><\/div><\/div><\/td><td class=\"jet-table__cell elementor-repeater-item-78d9d9e jet-table__body-cell\"><div class=\"jet-table__cell-inner\"><div class=\"jet-table__cell-content\"><div class=\"jet-table__cell-text\">210&nbsp;CZK<\/div><\/div><\/div><\/td><\/tr><tr class=\"jet-table__body-row elementor-repeater-item-c8b70a5\"><td class=\"jet-table__cell elementor-repeater-item-0a3129c jet-table__body-cell\"><div class=\"jet-table__cell-inner\"><div class=\"jet-table__cell-content\"><div class=\"jet-table__cell-text\">Pasta according to daily offer, tomato sauce, parmesan<\/div><\/div><\/div><\/td><td class=\"jet-table__cell elementor-repeater-item-0ab60e0 jet-table__body-cell\"><div class=\"jet-table__cell-inner\"><div class=\"jet-table__cell-content\"><div class=\"jet-table__cell-text\">180&nbsp;CZK<\/div><\/div><\/div><\/td><\/tr><tr class=\"jet-table__body-row elementor-repeater-item-91a0294\"><th class=\"jet-table__cell elementor-repeater-item-d32e445 jet-table__head-cell\" scope=\"row\"><div class=\"jet-table__cell-inner\"><div class=\"jet-table__cell-content\"><div class=\"jet-table__cell-text\">Quality European cheeses to pair with wine and beer<\/div><\/div><\/div><\/th><\/tr><tr class=\"jet-table__body-row elementor-repeater-item-704f0be\"><td class=\"jet-table__cell elementor-repeater-item-08ebf69 jet-table__body-cell\"><div class=\"jet-table__cell-inner\"><div class=\"jet-table__cell-content\"><div class=\"jet-table__cell-text\">Variation of quality european cheeses, bread for 2 people <\/div><\/div><\/div><\/td><td class=\"jet-table__cell elementor-repeater-item-4281d94 jet-table__body-cell\"><div class=\"jet-table__cell-inner\"><div class=\"jet-table__cell-content\"><div class=\"jet-table__cell-text\">595&nbsp;CZK<\/div><\/div><\/div><\/td><\/tr><tr class=\"jet-table__body-row elementor-repeater-item-46e8aea\"><th class=\"jet-table__cell elementor-repeater-item-d41cff8 jet-table__head-cell\" scope=\"row\"><div class=\"jet-table__cell-inner\"><div class=\"jet-table__cell-content\"><div class=\"jet-table__cell-text\">Dessert<\/div><\/div><\/div><\/th><\/tr><tr class=\"jet-table__body-row elementor-repeater-item-d0b135f\"><td class=\"jet-table__cell elementor-repeater-item-4469bc6 jet-table__body-cell\"><div class=\"jet-table__cell-inner\"><div class=\"jet-table__cell-content\"><div class=\"jet-table__cell-text\">Chocolate fondant with sauce cherries, ice-cream<\/div><\/div><\/div><\/td><td class=\"jet-table__cell elementor-repeater-item-6a59931 jet-table__body-cell\"><div class=\"jet-table__cell-inner\"><div class=\"jet-table__cell-content\"><div class=\"jet-table__cell-text\">185&nbsp;CZK<\/div><\/div><\/div><\/td><\/tr><tr class=\"jet-table__body-row elementor-repeater-item-fe66f5d\"><td class=\"jet-table__cell elementor-repeater-item-4f5d7f9 jet-table__body-cell\"><div class=\"jet-table__cell-inner\"><div class=\"jet-table__cell-content\"><div class=\"jet-table__cell-text\">Apricot dumplings with cottage cheese and melted butter<\/div><\/div><\/div><\/td><td class=\"jet-table__cell elementor-repeater-item-b4a6b8b jet-table__body-cell\"><div class=\"jet-table__cell-inner\"><div class=\"jet-table__cell-content\"><div class=\"jet-table__cell-text\">185&nbsp;CZK<\/div><\/div><\/div><\/td><\/tr><tr class=\"jet-table__body-row elementor-repeater-item-5bfd025\"><td class=\"jet-table__cell elementor-repeater-item-e0a59f2 jet-table__body-cell\"><div class=\"jet-table__cell-inner\"><div class=\"jet-table__cell-content\"><div class=\"jet-table__cell-text\">Fruit sorbet, served with raspberries and mint<\/div><\/div><\/div><\/td><td class=\"jet-table__cell elementor-repeater-item-da27595 jet-table__body-cell\"><div class=\"jet-table__cell-inner\"><div class=\"jet-table__cell-content\"><div class=\"jet-table__cell-text\">150&nbsp;CZK<\/div><\/div><\/div><\/td><\/tr><tr class=\"jet-table__body-row elementor-repeater-item-b05e0dc\"><td class=\"jet-table__cell elementor-repeater-item-e492ec6 jet-table__body-cell\"><div class=\"jet-table__cell-inner\"><div class=\"jet-table__cell-content\"><div class=\"jet-table__cell-text\">Dessert according to the daily menu  <\/div><\/div><\/div><\/td><td class=\"jet-table__cell elementor-repeater-item-a4d3763 jet-table__body-cell\"><div class=\"jet-table__cell-inner\"><div class=\"jet-table__cell-content\"><div class=\"jet-table__cell-text\">150&nbsp;CZK<\/div><\/div><\/div><\/td><\/tr><tr class=\"jet-table__body-row elementor-repeater-item-ad40530\"><\/tr><\/tbody>\n\t\t\t<\/table>\n\t\t<\/div>\n\n\t\t<\/div>\t\t\t\t<\/div>\n\t\t\t\t<\/div>\n\t\t\t\t<div class=\"elementor-element elementor-element-56e9686 elementor-widget elementor-widget-text-editor\" data-id=\"56e9686\" data-element_type=\"widget\" data-e-type=\"widget\" data-widget_type=\"text-editor.default\">\n\t\t\t\t<div class=\"elementor-widget-container\">\n\t\t\t\t\t\t\t\t\t<p class=\"p1\">The restaurant is open from 12:00 to 22:00. Fridays and Saturdays from 12:00 to 23:00.<br>You can download the menu in pdf format <a href=\"https:\/\/chateaucihelny.cz\/wp-content\/uploads\/2026\/04\/2026-04-Jidelni-listek-EN.pdf\" target=\"_blank\" rel=\"noopener\"><span style=\"text-decoration: underline;\">here<\/span><\/a><strong>.<\/strong><\/p><p>A list of allergens is available on request from the staff.<br>Responsible person: Viktor B\u0159ezina.<\/p>\t\t\t\t\t\t\t\t<\/div>\n\t\t\t\t<\/div>\n\t\t\t\t<div class=\"elementor-element elementor-element-8f70583 elementor-align-center elementor-widget__width-auto elementor-widget elementor-widget-button\" data-id=\"8f70583\" data-element_type=\"widget\" data-e-type=\"widget\" data-widget_type=\"button.default\">\n\t\t\t\t<div class=\"elementor-widget-container\">\n\t\t\t\t\t\t\t\t\t<div class=\"elementor-button-wrapper\">\n\t\t\t\t\t<a class=\"elementor-button elementor-button-link elementor-size-sm\" href=\"https:\/\/chateaucihelny.cz\/en\/drink-menu\/\">\n\t\t\t\t\t\t<span class=\"elementor-button-content-wrapper\">\n\t\t\t\t\t\t\t\t\t<span class=\"elementor-button-text\">Drink menu<\/span>\n\t\t\t\t\t<\/span>\n\t\t\t\t\t<\/a>\n\t\t\t\t<\/div>\n\t\t\t\t\t\t\t\t<\/div>\n\t\t\t\t<\/div>\n\t\t\t\t<div class=\"elementor-element elementor-element-e86d2bd elementor-align-center elementor-widget__width-auto elementor-widget elementor-widget-button\" data-id=\"e86d2bd\" data-element_type=\"widget\" data-e-type=\"widget\" data-widget_type=\"button.default\">\n\t\t\t\t<div class=\"elementor-widget-container\">\n\t\t\t\t\t\t\t\t\t<div class=\"elementor-button-wrapper\">\n\t\t\t\t\t<a class=\"elementor-button elementor-button-link elementor-size-sm\" href=\"https:\/\/chateaucihelny.cz\/en\/wine-list\/\">\n\t\t\t\t\t\t<span class=\"elementor-button-content-wrapper\">\n\t\t\t\t\t\t\t\t\t<span class=\"elementor-button-text\">Wine list<\/span>\n\t\t\t\t\t<\/span>\n\t\t\t\t\t<\/a>\n\t\t\t\t<\/div>\n\t\t\t\t\t\t\t\t<\/div>\n\t\t\t\t<\/div>\n\t\t\t\t<div class=\"elementor-element elementor-element-9f0f61f elementor-widget elementor-widget-shortcode\" data-id=\"9f0f61f\" data-element_type=\"widget\" data-e-type=\"widget\" data-widget_type=\"shortcode.default\">\n\t\t\t\t<div class=\"elementor-widget-container\">\n\t\t\t\t\t\t\t<div class=\"elementor-shortcode\">\t\t<div data-elementor-type=\"section\" data-elementor-id=\"2032\" class=\"elementor elementor-2032\" data-elementor-post-type=\"elementor_library\">\n\t\t\t\t\t<section class=\"elementor-section elementor-top-section elementor-element elementor-element-2be82901 elementor-section-boxed elementor-section-height-default elementor-section-height-default\" data-id=\"2be82901\" data-element_type=\"section\" data-e-type=\"section\" data-settings=\"{&quot;jet_parallax_layout_list&quot;:[]}\">\n\t\t\t\t\t\t<div class=\"elementor-container elementor-column-gap-default\">\n\t\t\t\t\t<div class=\"elementor-column elementor-col-100 elementor-top-column elementor-element elementor-element-4b5d9b98\" data-id=\"4b5d9b98\" data-element_type=\"column\" data-e-type=\"column\">\n\t\t\t<div class=\"elementor-widget-wrap elementor-element-populated\">\n\t\t\t\t\t\t<div class=\"elementor-element elementor-element-1f3747c8 elementor-widget elementor-widget-image\" data-id=\"1f3747c8\" data-element_type=\"widget\" data-e-type=\"widget\" data-widget_type=\"image.default\">\n\t\t\t\t<div class=\"elementor-widget-container\">\n\t\t\t\t\t\t\t\t\t\t\t\t\t\t\t\t<a href=\"https:\/\/chateaucihelny.cz\/en\/\">\n\t\t\t\t\t\t\t<img decoding=\"async\" width=\"52\" height=\"70\" src=\"https:\/\/chateaucihelny.cz\/wp-content\/uploads\/2022\/03\/icon-cahteau-cihelny_-2.svg\" class=\"attachment-full size-full wp-image-6160\" alt=\"\" \/>\t\t\t\t\t\t\t\t<\/a>\n\t\t\t\t\t\t\t\t\t\t\t\t\t\t\t<\/div>\n\t\t\t\t<\/div>\n\t\t\t\t\t<\/div>\n\t\t<\/div>\n\t\t\t\t\t<\/div>\n\t\t<\/section>\n\t\t\t\t<\/div>\n\t\t<\/div>\n\t\t\t\t\t\t<\/div>\n\t\t\t\t<\/div>\n\t\t\t\t\t<\/div>\n\t\t<\/div>\n\t\t\t\t\t<\/div>\n\t\t<\/section>\n\t\t\t\t<\/div>\n\t\t","protected":false},"excerpt":{"rendered":"<p>Ch\u00e2teau Menu Appetizer Baked goat cheese with leafy greens, pistachios, Apricot dressing with rosemary, our Sourdough rye bread 275&nbsp;CZK Assortment of melons, with Fetta cheese, mint jelly and micro herbs 250&nbsp;CZK Beef carpaccio, truffle oil, parmesan cheese, toast 295&nbsp;CZK Soup Beef broth with meat and our Celestine noodles 120&nbsp;CZK Soup of the day according to [&hellip;]<\/p>\n","protected":false},"author":1,"featured_media":0,"parent":0,"menu_order":0,"comment_status":"closed","ping_status":"closed","template":"","meta":{"iawp_total_views":183,"footnotes":""},"class_list":["post-6545","page","type-page","status-publish","hentry"],"_links":{"self":[{"href":"https:\/\/chateaucihelny.cz\/en\/wp-json\/wp\/v2\/pages\/6545","targetHints":{"allow":["GET"]}}],"collection":[{"href":"https:\/\/chateaucihelny.cz\/en\/wp-json\/wp\/v2\/pages"}],"about":[{"href":"https:\/\/chateaucihelny.cz\/en\/wp-json\/wp\/v2\/types\/page"}],"author":[{"embeddable":true,"href":"https:\/\/chateaucihelny.cz\/en\/wp-json\/wp\/v2\/users\/1"}],"replies":[{"embeddable":true,"href":"https:\/\/chateaucihelny.cz\/en\/wp-json\/wp\/v2\/comments?post=6545"}],"version-history":[{"count":62,"href":"https:\/\/chateaucihelny.cz\/en\/wp-json\/wp\/v2\/pages\/6545\/revisions"}],"predecessor-version":[{"id":15554,"href":"https:\/\/chateaucihelny.cz\/en\/wp-json\/wp\/v2\/pages\/6545\/revisions\/15554"}],"wp:attachment":[{"href":"https:\/\/chateaucihelny.cz\/en\/wp-json\/wp\/v2\/media?parent=6545"}],"curies":[{"name":"wp","href":"https:\/\/api.w.org\/{rel}","templated":true}]}}